{"id":2767,"date":"2025-08-03T02:52:47","date_gmt":"2025-08-03T02:52:47","guid":{"rendered":"https:\/\/global8system.com\/?page_id=2767"},"modified":"2025-08-05T17:40:33","modified_gmt":"2025-08-05T17:40:33","slug":"clase-00-indice-cursos-de-las-constelaciones","status":"publish","type":"page","link":"https:\/\/global8system.com\/index.php\/numeros-de-las-estrellas-para-la-vida-eterna\/clase-00-indice-cursos-de-las-constelaciones\/","title":{"rendered":"CLASE 00 &#8211; \u00cdNDICE CURSOS DE LAS CONSTELACIONES"},"content":{"rendered":"<p>[et_pb_section fb_built=&#8221;1&#8243; _builder_version=&#8221;4.18.0&#8243; _module_preset=&#8221;default&#8221; global_colors_info=&#8221;{}&#8221;][et_pb_row _builder_version=&#8221;4.18.0&#8243; _module_preset=&#8221;default&#8221; global_colors_info=&#8221;{}&#8221;][et_pb_column type=&#8221;4_4&#8243; _builder_version=&#8221;4.18.0&#8243; _module_preset=&#8221;default&#8221; global_colors_info=&#8221;{}&#8221;][et_pb_accordion _builder_version=&#8221;4.18.0&#8243; _module_preset=&#8221;default&#8221; global_module=&#8221;2818&#8243; saved_tabs=&#8221;all&#8221; global_colors_info=&#8221;{}&#8221;][et_pb_accordion_item _builder_version=&#8221;4.18.0&#8243; _module_preset=&#8221;default&#8221; global_colors_info=&#8221;{}&#8221; open=&#8221;on&#8221;]<\/p>\n<p><a href=\"https:\/\/global8system.com\/index.php\/numeros-de-las-estrellas-para-la-vida-eterna\/clase-1-introduccion-y-constelacion-de-andromeda\/\">CLASE 1 &#8211; INTRODUCCI\u00d3N Y ANDROMEDA<\/a><\/p>\n<p><a href=\"https:\/\/global8system.com\/index.php\/numeros-de-las-estrellas-para-la-vida-eterna\/clase-2-gemini-completo-con-prk-1u\/\">CLASE 2 &#8211; GEMINI &#8211; COMPLETO CON PRK-1U<\/a><\/p>\n<p><a href=\"https:\/\/global8system.com\/index.php\/numeros-de-las-estrellas-para-la-vida-eterna\/clase-3-osa-mayor-constelacion\/\">CLASE 3 &#8211; OSA MAYOR CONSTELACIONES<\/a><\/p>\n<p><a href=\"https:\/\/global8system.com\/index.php\/numeros-de-las-estrellas-para-la-vida-eterna\/clase-4-canis-libra-costelaciones\/\">CLASE 4 &#8211; CANIS &amp; LIBRA COSTELACIONES<\/a><\/p>\n<p><a href=\"https:\/\/global8system.com\/index.php\/numeros-de-las-estrellas-para-la-vida-eterna\/clase-5-aquario-y-auriga-constelaciones-solo-la-parte-de-la-meditacion\/\">CLASE 5 &#8211; AQUARIO Y AURIGA CONSTELACIONES SO LO LA PARTE DE LA MEDITACI\u00d3N<\/a><\/p>\n<p><a href=\"https:\/\/global8system.com\/index.php\/numeros-de-las-estrellas-para-la-vida-eterna\/clase-6-lupi-y-boyero-con-explicacion-de-cuando-abri-edilmaangel\/\">CLASE 6 &#8211; LUPI Y BOYERO = CON EXPLICACI\u00d3N DE CUANDO ABR\u00cd EDILMAANGEL<\/a><\/p>\n<p><a href=\"https:\/\/global8system.com\/index.php\/numeros-de-las-estrellas-para-la-vida-eterna\/clase-7-hydrae-columbus-canes-constalaciones\/\">CLASE 7 &#8211; HYDRAE, COLUMBUS, CANES CONSTALACIONES<\/a><\/p>\n<p><a href=\"https:\/\/global8system.com\/index.php\/numeros-de-las-estrellas-para-la-vida-eterna\/clase-8-unicornio-ara-pintor-jirafa-contelaciones\/\">CLASE 8 &#8211; UNICORNIO- ARA &#8211; PINTOR &#8211; JIRAFA CONTELACIONES<\/a><\/p>\n<p><a href=\"https:\/\/global8system.com\/index.php\/numeros-de-las-estrellas-para-la-vida-eterna\/clase-9-grua-liebre-portador-de-la-serpiente-constelaciones\/\">CLASE 9 &#8211; GRUA &#8211; LIEBRE &#8211; PORTADOR DE LA SERPIENTE CONSTELACIONES<\/a><\/p>\n<p><a href=\"https:\/\/global8system.com\/index.php\/numeros-de-las-estrellas-para-la-vida-eterna\/clase-10-serpentis-el-delfin-o-doradus-indio-constelaciones\/\">CLASE 10 &#8211; SERPENTIS &#8211; EL DELFIN O DORADUS &#8211; INDIO CONSTELACIONES<\/a><\/p>\n<p><a href=\"https:\/\/global8system.com\/index.php\/numeros-de-las-estrellas-para-la-vida-eterna\/clase-11-cassiopeia-cetos-carinae-constelaciones\/\">CLASE 11 &#8211; CASSIOPEIA &#8211; CETOS &#8211; CARINAE CONSTELACIONES<\/a><\/p>\n<p><a href=\"https:\/\/global8system.com\/index.php\/numeros-de-las-estrellas-para-la-vida-eterna\/clase-12-capricornius-brujula-la-popa-constelaciones\/\">CLASE 12 &#8211; CAPRICORNIUS &#8211; BR\u00daJULA &#8211; LA POPA CONSTELACIONES<\/a><\/p>\n<p><a href=\"https:\/\/global8system.com\/index.php\/numeros-de-las-estrellas-para-la-vida-eterna\/clase-13-cisne-y-leo-contelationes\/\">CLASE 13 &#8211; CISNE Y LEO CONTELATIONES<\/a><\/p>\n<p><a href=\"https:\/\/global8system.com\/index.php\/numeros-de-las-estrellas-para-la-vida-eterna\/clase-14-volantis-pez-volador-lyrae-vulpecula-contellaciones\/\">CLASE 14 &#8211; VOLANTIS PEZ VOLADOR LYRAE VULPECULA CONTELLACIONES<\/a><\/p>\n<p><a href=\"https:\/\/global8system.com\/index.php\/numeros-de-las-estrellas-para-la-vida-eterna\/clase-15-osa-menor-equuleus-leon-menor-cosntelaciones\/\">CLASE 15 &#8211; OSA MENOR EQUULEUS LEON MENOR COSNTELACIONES<\/a><\/p>\n<p><a href=\"https:\/\/global8system.com\/index.php\/numeros-de-las-estrellas-para-la-vida-eterna\/clase-16-canis-menor-microscopio-musca-y-la-bomba-neumatica\/\">CLASE 16 &#8211; CANIS MENOR, MICROSCOPIO, MUSCA Y LA BOMBA NEUMATICA<\/a><\/p>\n<p><a href=\"https:\/\/global8system.com\/index.php\/numeros-de-las-estrellas-para-la-vida-eterna\/clase-17-norma-aries-octans\/\">CLASE 17 &#8211; NORMA ARIES OCTANS<\/a><\/p>\n<p><a href=\"https:\/\/global8system.com\/index.php\/numeros-de-las-estrellas-para-la-vida-eterna\/clase-18-aguila-orion-pavo-real-constelaciones\/\">CLASE 18 &#8211; AGUILA &#8211; ORION &#8211; PAVO REAL &#8211; CONSTELACIONES<\/a><\/p>\n<p>[\/et_pb_accordion_item][\/et_pb_accordion][\/et_pb_column][\/et_pb_row][\/et_pb_section]<\/p>\n","protected":false},"excerpt":{"rendered":"<p>CLASE 1 &#8211; INTRODUCCI\u00d3N Y ANDROMEDA CLASE 2 &#8211; GEMINI &#8211; COMPLETO CON PRK-1U CLASE 3 &#8211; OSA MAYOR CONSTELACIONES CLASE 4 &#8211; CANIS &amp; LIBRA COSTELACIONES CLASE 5 &#8211; AQUARIO Y AURIGA CONSTELACIONES SO LO LA PARTE DE LA MEDITACI\u00d3N CLASE 6 &#8211; LUPI Y BOYERO = CON EXPLICACI\u00d3N DE CUANDO ABR\u00cd EDILMAANGEL CLASE [&hellip;]<\/p>\n","protected":false},"author":1,"featured_media":0,"parent":2713,"menu_order":0,"comment_status":"closed","ping_status":"closed","template":"","meta":{"_et_pb_use_builder":"on","_et_pb_old_content":"","_et_gb_content_width":"","footnotes":""},"class_list":["post-2767","page","type-page","status-publish","hentry"],"yoast_head":"<!-- This site is optimized with the Yoast SEO plugin v27.1.1 - https:\/\/yoast.com\/product\/yoast-seo-wordpress\/ -->\n<title>CLASE 00 - \u00cdNDICE CURSOS DE LAS CONSTELACIONES * Global 8 System<\/title>\n<meta name=\"robots\" content=\"index, follow, max-snippet:-1, max-image-preview:large, max-video-preview:-1\" \/>\n<link rel=\"canonical\" href=\"https:\/\/global8system.com\/index.php\/numeros-de-las-estrellas-para-la-vida-eterna\/clase-00-indice-cursos-de-las-constelaciones\/\" \/>\n<meta property=\"og:locale\" content=\"en_US\" \/>\n<meta property=\"og:type\" content=\"article\" \/>\n<meta property=\"og:title\" content=\"CLASE 00 - \u00cdNDICE CURSOS DE LAS CONSTELACIONES * Global 8 System\" \/>\n<meta property=\"og:description\" content=\"CLASE 1 - INTRODUCCI\u00d3N Y ANDROMEDA CLASE 2 - GEMINI - COMPLETO CON PRK-1U CLASE 3 - OSA MAYOR CONSTELACIONES CLASE 4 - CANIS &amp; LIBRA COSTELACIONES CLASE 5 - AQUARIO Y AURIGA CONSTELACIONES SO LO LA PARTE DE LA MEDITACI\u00d3N CLASE 6 - LUPI Y BOYERO = CON EXPLICACI\u00d3N DE CUANDO ABR\u00cd EDILMAANGEL CLASE [&hellip;]\" \/>\n<meta property=\"og:url\" content=\"https:\/\/global8system.com\/index.php\/numeros-de-las-estrellas-para-la-vida-eterna\/clase-00-indice-cursos-de-las-constelaciones\/\" \/>\n<meta property=\"og:site_name\" content=\"Global 8 System\" \/>\n<meta property=\"article:modified_time\" content=\"2025-08-05T17:40:33+00:00\" \/>\n<meta property=\"og:image\" content=\"https:\/\/global8system.com\/wp-content\/uploads\/2022\/09\/logo-G8S-icono.png\" \/>\n\t<meta property=\"og:image:width\" content=\"90\" \/>\n\t<meta property=\"og:image:height\" content=\"88\" \/>\n\t<meta property=\"og:image:type\" content=\"image\/png\" \/>\n<meta name=\"twitter:card\" content=\"summary_large_image\" \/>\n<script type=\"application\/ld+json\" class=\"yoast-schema-graph\">{\"@context\":\"https:\/\/schema.org\",\"@graph\":[{\"@type\":\"WebPage\",\"@id\":\"https:\/\/global8system.com\/index.php\/numeros-de-las-estrellas-para-la-vida-eterna\/clase-00-indice-cursos-de-las-constelaciones\/\",\"url\":\"https:\/\/global8system.com\/index.php\/numeros-de-las-estrellas-para-la-vida-eterna\/clase-00-indice-cursos-de-las-constelaciones\/\",\"name\":\"CLASE 00 - \u00cdNDICE CURSOS DE LAS CONSTELACIONES * Global 8 System\",\"isPartOf\":{\"@id\":\"https:\/\/global8system.com\/#website\"},\"datePublished\":\"2025-08-03T02:52:47+00:00\",\"dateModified\":\"2025-08-05T17:40:33+00:00\",\"breadcrumb\":{\"@id\":\"https:\/\/global8system.com\/index.php\/numeros-de-las-estrellas-para-la-vida-eterna\/clase-00-indice-cursos-de-las-constelaciones\/#breadcrumb\"},\"inLanguage\":\"en-US\",\"potentialAction\":[{\"@type\":\"ReadAction\",\"target\":[\"https:\/\/global8system.com\/index.php\/numeros-de-las-estrellas-para-la-vida-eterna\/clase-00-indice-cursos-de-las-constelaciones\/\"]}]},{\"@type\":\"BreadcrumbList\",\"@id\":\"https:\/\/global8system.com\/index.php\/numeros-de-las-estrellas-para-la-vida-eterna\/clase-00-indice-cursos-de-las-constelaciones\/#breadcrumb\",\"itemListElement\":[{\"@type\":\"ListItem\",\"position\":1,\"name\":\"Home\",\"item\":\"https:\/\/global8system.com\/\"},{\"@type\":\"ListItem\",\"position\":2,\"name\":\"N\u00daMEROS DE LAS ESTRELLAS PARA LA VIDA ETERNA\",\"item\":\"https:\/\/global8system.com\/index.php\/numeros-de-las-estrellas-para-la-vida-eterna\/\"},{\"@type\":\"ListItem\",\"position\":3,\"name\":\"CLASE 00 &#8211; \u00cdNDICE CURSOS DE LAS CONSTELACIONES\"}]},{\"@type\":\"WebSite\",\"@id\":\"https:\/\/global8system.com\/#website\",\"url\":\"https:\/\/global8system.com\/\",\"name\":\"Global 8 System\",\"description\":\"Teaching of Grabovoi \",\"publisher\":{\"@id\":\"https:\/\/global8system.com\/#organization\"},\"potentialAction\":[{\"@type\":\"SearchAction\",\"target\":{\"@type\":\"EntryPoint\",\"urlTemplate\":\"https:\/\/global8system.com\/?s={search_term_string}\"},\"query-input\":{\"@type\":\"PropertyValueSpecification\",\"valueRequired\":true,\"valueName\":\"search_term_string\"}}],\"inLanguage\":\"en-US\"},{\"@type\":\"Organization\",\"@id\":\"https:\/\/global8system.com\/#organization\",\"name\":\"Global 8 System\",\"url\":\"https:\/\/global8system.com\/\",\"logo\":{\"@type\":\"ImageObject\",\"inLanguage\":\"en-US\",\"@id\":\"https:\/\/global8system.com\/#\/schema\/logo\/image\/\",\"url\":\"https:\/\/global8system.com\/wp-content\/uploads\/2022\/09\/logo-G8S-4-con-mundo-copy.png\",\"contentUrl\":\"https:\/\/global8system.com\/wp-content\/uploads\/2022\/09\/logo-G8S-4-con-mundo-copy.png\",\"width\":565,\"height\":93,\"caption\":\"Global 8 System\"},\"image\":{\"@id\":\"https:\/\/global8system.com\/#\/schema\/logo\/image\/\"}}]}<\/script>\n<!-- \/ Yoast SEO plugin. -->","yoast_head_json":{"title":"CLASE 00 - \u00cdNDICE CURSOS DE LAS CONSTELACIONES * Global 8 System","robots":{"index":"index","follow":"follow","max-snippet":"max-snippet:-1","max-image-preview":"max-image-preview:large","max-video-preview":"max-video-preview:-1"},"canonical":"https:\/\/global8system.com\/index.php\/numeros-de-las-estrellas-para-la-vida-eterna\/clase-00-indice-cursos-de-las-constelaciones\/","og_locale":"en_US","og_type":"article","og_title":"CLASE 00 - \u00cdNDICE CURSOS DE LAS CONSTELACIONES * Global 8 System","og_description":"CLASE 1 - INTRODUCCI\u00d3N Y ANDROMEDA CLASE 2 - GEMINI - COMPLETO CON PRK-1U CLASE 3 - OSA MAYOR CONSTELACIONES CLASE 4 - CANIS &amp; LIBRA COSTELACIONES CLASE 5 - AQUARIO Y AURIGA CONSTELACIONES SO LO LA PARTE DE LA MEDITACI\u00d3N CLASE 6 - LUPI Y BOYERO = CON EXPLICACI\u00d3N DE CUANDO ABR\u00cd EDILMAANGEL CLASE [&hellip;]","og_url":"https:\/\/global8system.com\/index.php\/numeros-de-las-estrellas-para-la-vida-eterna\/clase-00-indice-cursos-de-las-constelaciones\/","og_site_name":"Global 8 System","article_modified_time":"2025-08-05T17:40:33+00:00","og_image":[{"width":90,"height":88,"url":"https:\/\/global8system.com\/wp-content\/uploads\/2022\/09\/logo-G8S-icono.png","type":"image\/png"}],"twitter_card":"summary_large_image","schema":{"@context":"https:\/\/schema.org","@graph":[{"@type":"WebPage","@id":"https:\/\/global8system.com\/index.php\/numeros-de-las-estrellas-para-la-vida-eterna\/clase-00-indice-cursos-de-las-constelaciones\/","url":"https:\/\/global8system.com\/index.php\/numeros-de-las-estrellas-para-la-vida-eterna\/clase-00-indice-cursos-de-las-constelaciones\/","name":"CLASE 00 - \u00cdNDICE CURSOS DE LAS CONSTELACIONES * Global 8 System","isPartOf":{"@id":"https:\/\/global8system.com\/#website"},"datePublished":"2025-08-03T02:52:47+00:00","dateModified":"2025-08-05T17:40:33+00:00","breadcrumb":{"@id":"https:\/\/global8system.com\/index.php\/numeros-de-las-estrellas-para-la-vida-eterna\/clase-00-indice-cursos-de-las-constelaciones\/#breadcrumb"},"inLanguage":"en-US","potentialAction":[{"@type":"ReadAction","target":["https:\/\/global8system.com\/index.php\/numeros-de-las-estrellas-para-la-vida-eterna\/clase-00-indice-cursos-de-las-constelaciones\/"]}]},{"@type":"BreadcrumbList","@id":"https:\/\/global8system.com\/index.php\/numeros-de-las-estrellas-para-la-vida-eterna\/clase-00-indice-cursos-de-las-constelaciones\/#breadcrumb","itemListElement":[{"@type":"ListItem","position":1,"name":"Home","item":"https:\/\/global8system.com\/"},{"@type":"ListItem","position":2,"name":"N\u00daMEROS DE LAS ESTRELLAS PARA LA VIDA ETERNA","item":"https:\/\/global8system.com\/index.php\/numeros-de-las-estrellas-para-la-vida-eterna\/"},{"@type":"ListItem","position":3,"name":"CLASE 00 &#8211; \u00cdNDICE CURSOS DE LAS CONSTELACIONES"}]},{"@type":"WebSite","@id":"https:\/\/global8system.com\/#website","url":"https:\/\/global8system.com\/","name":"Global 8 System","description":"Teaching of Grabovoi ","publisher":{"@id":"https:\/\/global8system.com\/#organization"},"potentialAction":[{"@type":"SearchAction","target":{"@type":"EntryPoint","urlTemplate":"https:\/\/global8system.com\/?s={search_term_string}"},"query-input":{"@type":"PropertyValueSpecification","valueRequired":true,"valueName":"search_term_string"}}],"inLanguage":"en-US"},{"@type":"Organization","@id":"https:\/\/global8system.com\/#organization","name":"Global 8 System","url":"https:\/\/global8system.com\/","logo":{"@type":"ImageObject","inLanguage":"en-US","@id":"https:\/\/global8system.com\/#\/schema\/logo\/image\/","url":"https:\/\/global8system.com\/wp-content\/uploads\/2022\/09\/logo-G8S-4-con-mundo-copy.png","contentUrl":"https:\/\/global8system.com\/wp-content\/uploads\/2022\/09\/logo-G8S-4-con-mundo-copy.png","width":565,"height":93,"caption":"Global 8 System"},"image":{"@id":"https:\/\/global8system.com\/#\/schema\/logo\/image\/"}}]}},"_links":{"self":[{"href":"https:\/\/global8system.com\/index.php\/wp-json\/wp\/v2\/pages\/2767","targetHints":{"allow":["GET"]}}],"collection":[{"href":"https:\/\/global8system.com\/index.php\/wp-json\/wp\/v2\/pages"}],"about":[{"href":"https:\/\/global8system.com\/index.php\/wp-json\/wp\/v2\/types\/page"}],"author":[{"embeddable":true,"href":"https:\/\/global8system.com\/index.php\/wp-json\/wp\/v2\/users\/1"}],"replies":[{"embeddable":true,"href":"https:\/\/global8system.com\/index.php\/wp-json\/wp\/v2\/comments?post=2767"}],"version-history":[{"count":5,"href":"https:\/\/global8system.com\/index.php\/wp-json\/wp\/v2\/pages\/2767\/revisions"}],"predecessor-version":[{"id":2820,"href":"https:\/\/global8system.com\/index.php\/wp-json\/wp\/v2\/pages\/2767\/revisions\/2820"}],"up":[{"embeddable":true,"href":"https:\/\/global8system.com\/index.php\/wp-json\/wp\/v2\/pages\/2713"}],"wp:attachment":[{"href":"https:\/\/global8system.com\/index.php\/wp-json\/wp\/v2\/media?parent=2767"}],"curies":[{"name":"wp","href":"https:\/\/api.w.org\/{rel}","templated":true}]}}