{"id":2137,"date":"2022-12-21T20:43:01","date_gmt":"2022-12-21T20:43:01","guid":{"rendered":"https:\/\/global8system.com\/?page_id=2137"},"modified":"2022-12-21T22:18:13","modified_gmt":"2022-12-21T22:18:13","slug":"libro","status":"publish","type":"page","link":"https:\/\/global8system.com\/index.php\/un-regalo-para-ti\/libro\/","title":{"rendered":"01 REGALO LIBRO Y EXPLICACI\u00d3N"},"content":{"rendered":"<p>[et_pb_section fb_built=&#8221;1&#8243; _builder_version=&#8221;4.18.0&#8243; _module_preset=&#8221;default&#8221; global_colors_info=&#8221;{}&#8221;][et_pb_row _builder_version=&#8221;4.18.0&#8243; _module_preset=&#8221;default&#8221; global_colors_info=&#8221;{}&#8221;][et_pb_column type=&#8221;4_4&#8243; _builder_version=&#8221;4.18.0&#8243; _module_preset=&#8221;default&#8221; global_colors_info=&#8221;{}&#8221;][et_pb_image src=&#8221;https:\/\/global8system.com\/wp-content\/uploads\/2022\/12\/Yo-elijo-recordar-cover-.png&#8221; title_text=&#8221;Yo elijo recordar cover&#8221; url=&#8221;https:\/\/online.fliphtml5.com\/xmaar\/gigr\/&#8221; align=&#8221;center&#8221; _builder_version=&#8221;4.18.0&#8243; _module_preset=&#8221;default&#8221; global_colors_info=&#8221;{}&#8221;][\/et_pb_image][et_pb_text _builder_version=&#8221;4.18.0&#8243; _module_preset=&#8221;default&#8221; text_font=&#8221;|600||on|||||&#8221; background_color=&#8221;#e0c791&#8243; hover_enabled=&#8221;0&#8243; border_radii=&#8221;off|2px|2px|2px|2px&#8221; border_color_all=&#8221;#E09900&#8243; border_style_all=&#8221;dotted&#8221; box_shadow_style=&#8221;preset1&#8243; box_shadow_color=&#8221;#E09900&#8243; global_colors_info=&#8221;{}&#8221; sticky_enabled=&#8221;0&#8243;]<\/p>\n<p>&nbsp;<\/p>\n<p style=\"text-align: center;\">Gracias por suscribirte a Global 8 System<\/p>\n<p style=\"text-align: center;\">Este es t\u00fa primer regalo.<\/p>\n<p style=\"text-align: center;\">Haz click sobre la imagen del libro y podr\u00e1s disfrutar de esta lectura.<\/p>\n<p style=\"text-align: center;\">Pri\u00f3dicamente subiremos nuevos regalos para ti.<\/p>\n<p>[\/et_pb_text][et_pb_text _builder_version=&#8221;4.18.0&#8243; _module_preset=&#8221;default&#8221; link_option_url=&#8221;https:\/\/globalgrigorigrabovoi.com\/&#8221; hover_enabled=&#8221;0&#8243; global_colors_info=&#8221;{}&#8221; sticky_enabled=&#8221;0&#8243;]<\/p>\n<p style=\"text-align: center;\">El formato de lectura del libro de regalo, es el mismo que se utiliza en los libros el\u00e9ctronico de https:\/\/globalgrigorigrabovoi.com\/<\/p>\n<p>[\/et_pb_text][\/et_pb_column][\/et_pb_row][\/et_pb_section]<\/p>\n","protected":false},"excerpt":{"rendered":"<p>&nbsp; Gracias por suscribirte a Global 8 System Este es t\u00fa primer regalo. Haz click sobre la imagen del libro y podr\u00e1s disfrutar de esta lectura. Pri\u00f3dicamente subiremos nuevos regalos para ti.El formato de lectura del libro de regalo, es el mismo que se utiliza en los libros el\u00e9ctronico de https:\/\/globalgrigorigrabovoi.com\/<\/p>\n","protected":false},"author":1,"featured_media":0,"parent":2135,"menu_order":0,"comment_status":"closed","ping_status":"closed","template":"","meta":{"_et_pb_use_builder":"on","_et_pb_old_content":"","_et_gb_content_width":"","footnotes":""},"class_list":["post-2137","page","type-page","status-publish","hentry"],"yoast_head":"<!-- This site is optimized with the Yoast SEO plugin v27.1.1 - https:\/\/yoast.com\/product\/yoast-seo-wordpress\/ -->\n<title>01 REGALO LIBRO Y EXPLICACI\u00d3N * Global 8 System<\/title>\n<meta name=\"robots\" content=\"index, follow, max-snippet:-1, max-image-preview:large, max-video-preview:-1\" \/>\n<link rel=\"canonical\" href=\"https:\/\/global8system.com\/index.php\/un-regalo-para-ti\/libro\/\" \/>\n<meta property=\"og:locale\" content=\"en_US\" \/>\n<meta property=\"og:type\" content=\"article\" \/>\n<meta property=\"og:title\" content=\"01 REGALO LIBRO Y EXPLICACI\u00d3N * Global 8 System\" \/>\n<meta property=\"og:description\" content=\"&nbsp; Gracias por suscribirte a Global 8 System Este es t\u00fa primer regalo. Haz click sobre la imagen del libro y podr\u00e1s disfrutar de esta lectura. Pri\u00f3dicamente subiremos nuevos regalos para ti.El formato de lectura del libro de regalo, es el mismo que se utiliza en los libros el\u00e9ctronico de https:\/\/globalgrigorigrabovoi.com\/\" \/>\n<meta property=\"og:url\" content=\"https:\/\/global8system.com\/index.php\/un-regalo-para-ti\/libro\/\" \/>\n<meta property=\"og:site_name\" content=\"Global 8 System\" \/>\n<meta property=\"article:modified_time\" content=\"2022-12-21T22:18:13+00:00\" \/>\n<meta property=\"og:image\" content=\"https:\/\/global8system.com\/wp-content\/uploads\/2022\/09\/logo-G8S-icono.png\" \/>\n\t<meta property=\"og:image:width\" content=\"90\" \/>\n\t<meta property=\"og:image:height\" content=\"88\" \/>\n\t<meta property=\"og:image:type\" content=\"image\/png\" \/>\n<meta name=\"twitter:card\" content=\"summary_large_image\" \/>\n<script type=\"application\/ld+json\" class=\"yoast-schema-graph\">{\"@context\":\"https:\/\/schema.org\",\"@graph\":[{\"@type\":\"WebPage\",\"@id\":\"https:\/\/global8system.com\/index.php\/un-regalo-para-ti\/libro\/\",\"url\":\"https:\/\/global8system.com\/index.php\/un-regalo-para-ti\/libro\/\",\"name\":\"01 REGALO LIBRO Y EXPLICACI\u00d3N * Global 8 System\",\"isPartOf\":{\"@id\":\"https:\/\/global8system.com\/#website\"},\"datePublished\":\"2022-12-21T20:43:01+00:00\",\"dateModified\":\"2022-12-21T22:18:13+00:00\",\"breadcrumb\":{\"@id\":\"https:\/\/global8system.com\/index.php\/un-regalo-para-ti\/libro\/#breadcrumb\"},\"inLanguage\":\"en-US\",\"potentialAction\":[{\"@type\":\"ReadAction\",\"target\":[\"https:\/\/global8system.com\/index.php\/un-regalo-para-ti\/libro\/\"]}]},{\"@type\":\"BreadcrumbList\",\"@id\":\"https:\/\/global8system.com\/index.php\/un-regalo-para-ti\/libro\/#breadcrumb\",\"itemListElement\":[{\"@type\":\"ListItem\",\"position\":1,\"name\":\"Home\",\"item\":\"https:\/\/global8system.com\/\"},{\"@type\":\"ListItem\",\"position\":2,\"name\":\"\u00a1UN REGALO PARA TI!\",\"item\":\"https:\/\/global8system.com\/index.php\/un-regalo-para-ti\/\"},{\"@type\":\"ListItem\",\"position\":3,\"name\":\"01 REGALO LIBRO Y EXPLICACI\u00d3N\"}]},{\"@type\":\"WebSite\",\"@id\":\"https:\/\/global8system.com\/#website\",\"url\":\"https:\/\/global8system.com\/\",\"name\":\"Global 8 System\",\"description\":\"Teaching of Grabovoi \",\"publisher\":{\"@id\":\"https:\/\/global8system.com\/#organization\"},\"potentialAction\":[{\"@type\":\"SearchAction\",\"target\":{\"@type\":\"EntryPoint\",\"urlTemplate\":\"https:\/\/global8system.com\/?s={search_term_string}\"},\"query-input\":{\"@type\":\"PropertyValueSpecification\",\"valueRequired\":true,\"valueName\":\"search_term_string\"}}],\"inLanguage\":\"en-US\"},{\"@type\":\"Organization\",\"@id\":\"https:\/\/global8system.com\/#organization\",\"name\":\"Global 8 System\",\"url\":\"https:\/\/global8system.com\/\",\"logo\":{\"@type\":\"ImageObject\",\"inLanguage\":\"en-US\",\"@id\":\"https:\/\/global8system.com\/#\/schema\/logo\/image\/\",\"url\":\"https:\/\/global8system.com\/wp-content\/uploads\/2022\/09\/logo-G8S-4-con-mundo-copy.png\",\"contentUrl\":\"https:\/\/global8system.com\/wp-content\/uploads\/2022\/09\/logo-G8S-4-con-mundo-copy.png\",\"width\":565,\"height\":93,\"caption\":\"Global 8 System\"},\"image\":{\"@id\":\"https:\/\/global8system.com\/#\/schema\/logo\/image\/\"}}]}<\/script>\n<!-- \/ Yoast SEO plugin. -->","yoast_head_json":{"title":"01 REGALO LIBRO Y EXPLICACI\u00d3N * Global 8 System","robots":{"index":"index","follow":"follow","max-snippet":"max-snippet:-1","max-image-preview":"max-image-preview:large","max-video-preview":"max-video-preview:-1"},"canonical":"https:\/\/global8system.com\/index.php\/un-regalo-para-ti\/libro\/","og_locale":"en_US","og_type":"article","og_title":"01 REGALO LIBRO Y EXPLICACI\u00d3N * Global 8 System","og_description":"&nbsp; Gracias por suscribirte a Global 8 System Este es t\u00fa primer regalo. Haz click sobre la imagen del libro y podr\u00e1s disfrutar de esta lectura. Pri\u00f3dicamente subiremos nuevos regalos para ti.El formato de lectura del libro de regalo, es el mismo que se utiliza en los libros el\u00e9ctronico de https:\/\/globalgrigorigrabovoi.com\/","og_url":"https:\/\/global8system.com\/index.php\/un-regalo-para-ti\/libro\/","og_site_name":"Global 8 System","article_modified_time":"2022-12-21T22:18:13+00:00","og_image":[{"width":90,"height":88,"url":"https:\/\/global8system.com\/wp-content\/uploads\/2022\/09\/logo-G8S-icono.png","type":"image\/png"}],"twitter_card":"summary_large_image","schema":{"@context":"https:\/\/schema.org","@graph":[{"@type":"WebPage","@id":"https:\/\/global8system.com\/index.php\/un-regalo-para-ti\/libro\/","url":"https:\/\/global8system.com\/index.php\/un-regalo-para-ti\/libro\/","name":"01 REGALO LIBRO Y EXPLICACI\u00d3N * Global 8 System","isPartOf":{"@id":"https:\/\/global8system.com\/#website"},"datePublished":"2022-12-21T20:43:01+00:00","dateModified":"2022-12-21T22:18:13+00:00","breadcrumb":{"@id":"https:\/\/global8system.com\/index.php\/un-regalo-para-ti\/libro\/#breadcrumb"},"inLanguage":"en-US","potentialAction":[{"@type":"ReadAction","target":["https:\/\/global8system.com\/index.php\/un-regalo-para-ti\/libro\/"]}]},{"@type":"BreadcrumbList","@id":"https:\/\/global8system.com\/index.php\/un-regalo-para-ti\/libro\/#breadcrumb","itemListElement":[{"@type":"ListItem","position":1,"name":"Home","item":"https:\/\/global8system.com\/"},{"@type":"ListItem","position":2,"name":"\u00a1UN REGALO PARA TI!","item":"https:\/\/global8system.com\/index.php\/un-regalo-para-ti\/"},{"@type":"ListItem","position":3,"name":"01 REGALO LIBRO Y EXPLICACI\u00d3N"}]},{"@type":"WebSite","@id":"https:\/\/global8system.com\/#website","url":"https:\/\/global8system.com\/","name":"Global 8 System","description":"Teaching of Grabovoi ","publisher":{"@id":"https:\/\/global8system.com\/#organization"},"potentialAction":[{"@type":"SearchAction","target":{"@type":"EntryPoint","urlTemplate":"https:\/\/global8system.com\/?s={search_term_string}"},"query-input":{"@type":"PropertyValueSpecification","valueRequired":true,"valueName":"search_term_string"}}],"inLanguage":"en-US"},{"@type":"Organization","@id":"https:\/\/global8system.com\/#organization","name":"Global 8 System","url":"https:\/\/global8system.com\/","logo":{"@type":"ImageObject","inLanguage":"en-US","@id":"https:\/\/global8system.com\/#\/schema\/logo\/image\/","url":"https:\/\/global8system.com\/wp-content\/uploads\/2022\/09\/logo-G8S-4-con-mundo-copy.png","contentUrl":"https:\/\/global8system.com\/wp-content\/uploads\/2022\/09\/logo-G8S-4-con-mundo-copy.png","width":565,"height":93,"caption":"Global 8 System"},"image":{"@id":"https:\/\/global8system.com\/#\/schema\/logo\/image\/"}}]}},"_links":{"self":[{"href":"https:\/\/global8system.com\/index.php\/wp-json\/wp\/v2\/pages\/2137","targetHints":{"allow":["GET"]}}],"collection":[{"href":"https:\/\/global8system.com\/index.php\/wp-json\/wp\/v2\/pages"}],"about":[{"href":"https:\/\/global8system.com\/index.php\/wp-json\/wp\/v2\/types\/page"}],"author":[{"embeddable":true,"href":"https:\/\/global8system.com\/index.php\/wp-json\/wp\/v2\/users\/1"}],"replies":[{"embeddable":true,"href":"https:\/\/global8system.com\/index.php\/wp-json\/wp\/v2\/comments?post=2137"}],"version-history":[{"count":22,"href":"https:\/\/global8system.com\/index.php\/wp-json\/wp\/v2\/pages\/2137\/revisions"}],"predecessor-version":[{"id":2219,"href":"https:\/\/global8system.com\/index.php\/wp-json\/wp\/v2\/pages\/2137\/revisions\/2219"}],"up":[{"embeddable":true,"href":"https:\/\/global8system.com\/index.php\/wp-json\/wp\/v2\/pages\/2135"}],"wp:attachment":[{"href":"https:\/\/global8system.com\/index.php\/wp-json\/wp\/v2\/media?parent=2137"}],"curies":[{"name":"wp","href":"https:\/\/api.w.org\/{rel}","templated":true}]}}