{"id":189,"date":"2022-10-10T22:30:53","date_gmt":"2022-10-10T22:30:53","guid":{"rendered":"https:\/\/global8system.com\/?page_id=189"},"modified":"2024-09-05T00:35:19","modified_gmt":"2024-09-05T00:35:19","slug":"clase-01-clarividencia","status":"publish","type":"page","link":"https:\/\/global8system.com\/index.php\/curso-sobre-la-clarividencia\/clase-01-clarividencia\/","title":{"rendered":"CLASE 00 &#8211; ESCRITORIO &#8211; CONTENIDO &#8211; CLARIVIDENCIA"},"content":{"rendered":"<p>[et_pb_section fb_built=&#8221;1&#8243; _builder_version=&#8221;4.18.0&#8243; _module_preset=&#8221;default&#8221; global_colors_info=&#8221;{}&#8221;][et_pb_row _builder_version=&#8221;4.18.0&#8243; _module_preset=&#8221;default&#8221; global_module=&#8221;2408&#8243; saved_tabs=&#8221;all&#8221; global_colors_info=&#8221;{}&#8221;][et_pb_column type=&#8221;4_4&#8243; _builder_version=&#8221;4.18.0&#8243; _module_preset=&#8221;default&#8221; global_colors_info=&#8221;{}&#8221;][et_pb_accordion _builder_version=&#8221;4.18.0&#8243; _module_preset=&#8221;default&#8221; link_option_url=&#8221;https:\/\/global8system.com\/index.php\/espanol\/&#8221; link_option_url_new_window=&#8221;on&#8221; global_colors_info=&#8221;{}&#8221;][et_pb_accordion_item title=&#8221;\u00cdNDICE DEL CURSO DE LA CLARIVIDENCIA&#8221; open=&#8221;on&#8221; _builder_version=&#8221;4.18.0&#8243; _module_preset=&#8221;default&#8221; hover_enabled=&#8221;0&#8243; global_colors_info=&#8221;{}&#8221; sticky_enabled=&#8221;0&#8243;]<\/p>\n<p><a href=\"https:\/\/global8system.com\/index.php\/curso-sobre-la-clarividencia\/clase-01-clarividencia\/\">Clase 00 &#8211; Escritorio<\/a><\/p>\n<p><a href=\"https:\/\/global8system.com\/index.php\/\/courses\/curso-para-activar-la-clarividencia-2\/lessons\/clase-1-preambulo-a-la-clarividencia\/\">CLASE 1. Pre\u00e1mbulo a la Clarividencia<\/a><\/p>\n<p><a href=\"https:\/\/global8system.com\/index.php\/curso-sobre-la-clarividencia\/clase-02-clarividencia-g8s-copy\/\">CLASE 2. Explicando la fotograf\u00eda de la Secuencia Num\u00e9rica de la Clarividencia<\/a><\/p>\n<p><a href=\"https:\/\/global8system.com\/index.php\/curso-sobre-la-clarividencia\/clase-03-clarividencia-g8s-copy-g8s-copy\/\">CLASE 3. Clarividencia. Cerebro &#8211; 1<\/a><\/p>\n<p><a href=\"https:\/\/global8system.com\/index.php\/curso-sobre-la-clarividencia\/clase-04-clarividencia\/\">CLASE 4. Clarividencia. Cerebro &#8211; 2<\/a><\/p>\n<p><a href=\"https:\/\/global8system.com\/index.php\/curso-sobre-la-clarividencia\/clase-05-clarividencia\/\">CLASE 5.\u00a0 Clarividencia. Cerebro &#8211; 3<\/a><\/p>\n<p><a href=\"https:\/\/global8system.com\/index.php\/curso-sobre-la-clarividencia\/clase-06-clarividencia\/\">CLASE 6. Clarividencia 1<\/a><\/p>\n<p><a href=\"https:\/\/global8system.com\/index.php\/curso-sobre-la-clarividencia\/clase-07-clarividencia\/\">CLASE 7. Clarividencia 2<\/a><\/p>\n<p><a href=\"https:\/\/global8system.com\/index.php\/curso-sobre-la-clarividencia\/clase-08-clarividencia\/\">CLASE 8. Clarividencia 3<\/a><\/p>\n<p><a href=\"https:\/\/global8system.com\/index.php\/curso-sobre-la-clarividencia\/clase-09-clarividencia\/\">CLASE 9. Clarividencia 4<\/a><\/p>\n<p><a href=\"https:\/\/global8system.com\/index.php\/curso-sobre-la-clarividencia\/clase-10-clarividencia\/\">CLASE 10. Clarividencia. Meditaci\u00f3n de Apertura<\/a><\/p>\n<p>&nbsp;<\/p>\n<p>[\/et_pb_accordion_item][\/et_pb_accordion][\/et_pb_column][\/et_pb_row][\/et_pb_section]<\/p>\n","protected":false},"excerpt":{"rendered":"<p>Clase 00 &#8211; Escritorio CLASE 1. Pre\u00e1mbulo a la Clarividencia CLASE 2. Explicando la fotograf\u00eda de la Secuencia Num\u00e9rica de la Clarividencia CLASE 3. Clarividencia. Cerebro &#8211; 1 CLASE 4. Clarividencia. Cerebro &#8211; 2 CLASE 5.\u00a0 Clarividencia. Cerebro &#8211; 3 CLASE 6. Clarividencia 1 CLASE 7. Clarividencia 2 CLASE 8. Clarividencia 3 CLASE 9. Clarividencia [&hellip;]<\/p>\n","protected":false},"author":1,"featured_media":0,"parent":187,"menu_order":0,"comment_status":"closed","ping_status":"closed","template":"","meta":{"_et_pb_use_builder":"on","_et_pb_old_content":"<!-- wp:divi\/placeholder \/-->","_et_gb_content_width":"","footnotes":""},"class_list":["post-189","page","type-page","status-publish","hentry"],"yoast_head":"<!-- This site is optimized with the Yoast SEO plugin v27.1.1 - https:\/\/yoast.com\/product\/yoast-seo-wordpress\/ -->\n<title>CLASE 00 - ESCRITORIO - CONTENIDO - CLARIVIDENCIA * Global 8 System<\/title>\n<meta name=\"robots\" content=\"index, follow, max-snippet:-1, max-image-preview:large, max-video-preview:-1\" \/>\n<link rel=\"canonical\" href=\"https:\/\/global8system.com\/index.php\/curso-sobre-la-clarividencia\/clase-01-clarividencia\/\" \/>\n<meta property=\"og:locale\" content=\"en_US\" \/>\n<meta property=\"og:type\" content=\"article\" \/>\n<meta property=\"og:title\" content=\"CLASE 00 - ESCRITORIO - CONTENIDO - CLARIVIDENCIA * Global 8 System\" \/>\n<meta property=\"og:description\" content=\"Clase 00 - Escritorio CLASE 1. Pre\u00e1mbulo a la Clarividencia CLASE 2. Explicando la fotograf\u00eda de la Secuencia Num\u00e9rica de la Clarividencia CLASE 3. Clarividencia. Cerebro - 1 CLASE 4. Clarividencia. Cerebro - 2 CLASE 5.\u00a0 Clarividencia. Cerebro - 3 CLASE 6. Clarividencia 1 CLASE 7. Clarividencia 2 CLASE 8. Clarividencia 3 CLASE 9. Clarividencia [&hellip;]\" \/>\n<meta property=\"og:url\" content=\"https:\/\/global8system.com\/index.php\/curso-sobre-la-clarividencia\/clase-01-clarividencia\/\" \/>\n<meta property=\"og:site_name\" content=\"Global 8 System\" \/>\n<meta property=\"article:modified_time\" content=\"2024-09-05T00:35:19+00:00\" \/>\n<meta property=\"og:image\" content=\"https:\/\/global8system.com\/wp-content\/uploads\/2022\/09\/logo-G8S-icono.png\" \/>\n\t<meta property=\"og:image:width\" content=\"90\" \/>\n\t<meta property=\"og:image:height\" content=\"88\" \/>\n\t<meta property=\"og:image:type\" content=\"image\/png\" \/>\n<meta name=\"twitter:card\" content=\"summary_large_image\" \/>\n<script type=\"application\/ld+json\" class=\"yoast-schema-graph\">{\"@context\":\"https:\/\/schema.org\",\"@graph\":[{\"@type\":\"WebPage\",\"@id\":\"https:\/\/global8system.com\/index.php\/curso-sobre-la-clarividencia\/clase-01-clarividencia\/\",\"url\":\"https:\/\/global8system.com\/index.php\/curso-sobre-la-clarividencia\/clase-01-clarividencia\/\",\"name\":\"CLASE 00 - ESCRITORIO - CONTENIDO - CLARIVIDENCIA * Global 8 System\",\"isPartOf\":{\"@id\":\"https:\/\/global8system.com\/#website\"},\"datePublished\":\"2022-10-10T22:30:53+00:00\",\"dateModified\":\"2024-09-05T00:35:19+00:00\",\"breadcrumb\":{\"@id\":\"https:\/\/global8system.com\/index.php\/curso-sobre-la-clarividencia\/clase-01-clarividencia\/#breadcrumb\"},\"inLanguage\":\"en-US\",\"potentialAction\":[{\"@type\":\"ReadAction\",\"target\":[\"https:\/\/global8system.com\/index.php\/curso-sobre-la-clarividencia\/clase-01-clarividencia\/\"]}]},{\"@type\":\"BreadcrumbList\",\"@id\":\"https:\/\/global8system.com\/index.php\/curso-sobre-la-clarividencia\/clase-01-clarividencia\/#breadcrumb\",\"itemListElement\":[{\"@type\":\"ListItem\",\"position\":1,\"name\":\"Home\",\"item\":\"https:\/\/global8system.com\/\"},{\"@type\":\"ListItem\",\"position\":2,\"name\":\"CURSO PARA ACTIVAR LA CLARIVIDENCIA\",\"item\":\"https:\/\/global8system.com\/index.php\/curso-sobre-la-clarividencia\/\"},{\"@type\":\"ListItem\",\"position\":3,\"name\":\"CLASE 00 &#8211; ESCRITORIO &#8211; CONTENIDO &#8211; CLARIVIDENCIA\"}]},{\"@type\":\"WebSite\",\"@id\":\"https:\/\/global8system.com\/#website\",\"url\":\"https:\/\/global8system.com\/\",\"name\":\"Global 8 System\",\"description\":\"Teaching of Grabovoi \",\"publisher\":{\"@id\":\"https:\/\/global8system.com\/#organization\"},\"potentialAction\":[{\"@type\":\"SearchAction\",\"target\":{\"@type\":\"EntryPoint\",\"urlTemplate\":\"https:\/\/global8system.com\/?s={search_term_string}\"},\"query-input\":{\"@type\":\"PropertyValueSpecification\",\"valueRequired\":true,\"valueName\":\"search_term_string\"}}],\"inLanguage\":\"en-US\"},{\"@type\":\"Organization\",\"@id\":\"https:\/\/global8system.com\/#organization\",\"name\":\"Global 8 System\",\"url\":\"https:\/\/global8system.com\/\",\"logo\":{\"@type\":\"ImageObject\",\"inLanguage\":\"en-US\",\"@id\":\"https:\/\/global8system.com\/#\/schema\/logo\/image\/\",\"url\":\"https:\/\/global8system.com\/wp-content\/uploads\/2022\/09\/logo-G8S-4-con-mundo-copy.png\",\"contentUrl\":\"https:\/\/global8system.com\/wp-content\/uploads\/2022\/09\/logo-G8S-4-con-mundo-copy.png\",\"width\":565,\"height\":93,\"caption\":\"Global 8 System\"},\"image\":{\"@id\":\"https:\/\/global8system.com\/#\/schema\/logo\/image\/\"}}]}<\/script>\n<!-- \/ Yoast SEO plugin. -->","yoast_head_json":{"title":"CLASE 00 - ESCRITORIO - CONTENIDO - CLARIVIDENCIA * Global 8 System","robots":{"index":"index","follow":"follow","max-snippet":"max-snippet:-1","max-image-preview":"max-image-preview:large","max-video-preview":"max-video-preview:-1"},"canonical":"https:\/\/global8system.com\/index.php\/curso-sobre-la-clarividencia\/clase-01-clarividencia\/","og_locale":"en_US","og_type":"article","og_title":"CLASE 00 - ESCRITORIO - CONTENIDO - CLARIVIDENCIA * Global 8 System","og_description":"Clase 00 - Escritorio CLASE 1. Pre\u00e1mbulo a la Clarividencia CLASE 2. Explicando la fotograf\u00eda de la Secuencia Num\u00e9rica de la Clarividencia CLASE 3. Clarividencia. Cerebro - 1 CLASE 4. Clarividencia. Cerebro - 2 CLASE 5.\u00a0 Clarividencia. Cerebro - 3 CLASE 6. Clarividencia 1 CLASE 7. Clarividencia 2 CLASE 8. Clarividencia 3 CLASE 9. Clarividencia [&hellip;]","og_url":"https:\/\/global8system.com\/index.php\/curso-sobre-la-clarividencia\/clase-01-clarividencia\/","og_site_name":"Global 8 System","article_modified_time":"2024-09-05T00:35:19+00:00","og_image":[{"width":90,"height":88,"url":"https:\/\/global8system.com\/wp-content\/uploads\/2022\/09\/logo-G8S-icono.png","type":"image\/png"}],"twitter_card":"summary_large_image","schema":{"@context":"https:\/\/schema.org","@graph":[{"@type":"WebPage","@id":"https:\/\/global8system.com\/index.php\/curso-sobre-la-clarividencia\/clase-01-clarividencia\/","url":"https:\/\/global8system.com\/index.php\/curso-sobre-la-clarividencia\/clase-01-clarividencia\/","name":"CLASE 00 - ESCRITORIO - CONTENIDO - CLARIVIDENCIA * Global 8 System","isPartOf":{"@id":"https:\/\/global8system.com\/#website"},"datePublished":"2022-10-10T22:30:53+00:00","dateModified":"2024-09-05T00:35:19+00:00","breadcrumb":{"@id":"https:\/\/global8system.com\/index.php\/curso-sobre-la-clarividencia\/clase-01-clarividencia\/#breadcrumb"},"inLanguage":"en-US","potentialAction":[{"@type":"ReadAction","target":["https:\/\/global8system.com\/index.php\/curso-sobre-la-clarividencia\/clase-01-clarividencia\/"]}]},{"@type":"BreadcrumbList","@id":"https:\/\/global8system.com\/index.php\/curso-sobre-la-clarividencia\/clase-01-clarividencia\/#breadcrumb","itemListElement":[{"@type":"ListItem","position":1,"name":"Home","item":"https:\/\/global8system.com\/"},{"@type":"ListItem","position":2,"name":"CURSO PARA ACTIVAR LA CLARIVIDENCIA","item":"https:\/\/global8system.com\/index.php\/curso-sobre-la-clarividencia\/"},{"@type":"ListItem","position":3,"name":"CLASE 00 &#8211; ESCRITORIO &#8211; CONTENIDO &#8211; CLARIVIDENCIA"}]},{"@type":"WebSite","@id":"https:\/\/global8system.com\/#website","url":"https:\/\/global8system.com\/","name":"Global 8 System","description":"Teaching of Grabovoi ","publisher":{"@id":"https:\/\/global8system.com\/#organization"},"potentialAction":[{"@type":"SearchAction","target":{"@type":"EntryPoint","urlTemplate":"https:\/\/global8system.com\/?s={search_term_string}"},"query-input":{"@type":"PropertyValueSpecification","valueRequired":true,"valueName":"search_term_string"}}],"inLanguage":"en-US"},{"@type":"Organization","@id":"https:\/\/global8system.com\/#organization","name":"Global 8 System","url":"https:\/\/global8system.com\/","logo":{"@type":"ImageObject","inLanguage":"en-US","@id":"https:\/\/global8system.com\/#\/schema\/logo\/image\/","url":"https:\/\/global8system.com\/wp-content\/uploads\/2022\/09\/logo-G8S-4-con-mundo-copy.png","contentUrl":"https:\/\/global8system.com\/wp-content\/uploads\/2022\/09\/logo-G8S-4-con-mundo-copy.png","width":565,"height":93,"caption":"Global 8 System"},"image":{"@id":"https:\/\/global8system.com\/#\/schema\/logo\/image\/"}}]}},"_links":{"self":[{"href":"https:\/\/global8system.com\/index.php\/wp-json\/wp\/v2\/pages\/189","targetHints":{"allow":["GET"]}}],"collection":[{"href":"https:\/\/global8system.com\/index.php\/wp-json\/wp\/v2\/pages"}],"about":[{"href":"https:\/\/global8system.com\/index.php\/wp-json\/wp\/v2\/types\/page"}],"author":[{"embeddable":true,"href":"https:\/\/global8system.com\/index.php\/wp-json\/wp\/v2\/users\/1"}],"replies":[{"embeddable":true,"href":"https:\/\/global8system.com\/index.php\/wp-json\/wp\/v2\/comments?post=189"}],"version-history":[{"count":21,"href":"https:\/\/global8system.com\/index.php\/wp-json\/wp\/v2\/pages\/189\/revisions"}],"predecessor-version":[{"id":2513,"href":"https:\/\/global8system.com\/index.php\/wp-json\/wp\/v2\/pages\/189\/revisions\/2513"}],"up":[{"embeddable":true,"href":"https:\/\/global8system.com\/index.php\/wp-json\/wp\/v2\/pages\/187"}],"wp:attachment":[{"href":"https:\/\/global8system.com\/index.php\/wp-json\/wp\/v2\/media?parent=189"}],"curies":[{"name":"wp","href":"https:\/\/api.w.org\/{rel}","templated":true}]}}