{"id":150,"date":"2022-10-07T01:10:17","date_gmt":"2022-10-07T01:10:17","guid":{"rendered":"https:\/\/global8system.com\/?page_id=150"},"modified":"2022-12-19T19:36:38","modified_gmt":"2022-12-19T19:36:38","slug":"clase-02","status":"publish","type":"page","link":"https:\/\/global8system.com\/index.php\/curso-sistema-educativo\/clase-02\/","title":{"rendered":"CLASE 02 &#8211; SISTEMA EDUCATIVO"},"content":{"rendered":"<p>[et_pb_section fb_built=&#8221;1&#8243; _builder_version=&#8221;4.18.0&#8243; _module_preset=&#8221;default&#8221; global_colors_info=&#8221;{}&#8221;][et_pb_row _builder_version=&#8221;4.18.0&#8243; _module_preset=&#8221;default&#8221; global_colors_info=&#8221;{}&#8221;][et_pb_column type=&#8221;4_4&#8243; _builder_version=&#8221;4.18.0&#8243; _module_preset=&#8221;default&#8221; global_colors_info=&#8221;{}&#8221;][et_pb_text _builder_version=&#8221;4.18.0&#8243; _module_preset=&#8221;default&#8221; hover_enabled=&#8221;0&#8243; global_colors_info=&#8221;{}&#8221; sticky_enabled=&#8221;0&#8243;]<\/p>\n<div style=\"padding: 56.25% 0 0 0; position: relative;\"><iframe style=\"position: absolute; top: 0; left: 0; width: 100%; height: 100%;\" title=\"02. Gu&amp;iacute;a pr&amp;aacute;ctica Sistema Educativo de Grigori Grabovoi\" src=\"https:\/\/player.vimeo.com\/video\/758379015?h=5bca7a94b8&amp;badge=0&amp;autopause=0&amp;player_id=0&amp;app_id=58479\" frameborder=\"0\" allowfullscreen=\"allowfullscreen\"><\/iframe><\/div>\n<p><script src=\"https:\/\/player.vimeo.com\/api\/player.js\"><\/script><\/p>\n<p>[\/et_pb_text][et_pb_text _builder_version=&#8221;4.18.0&#8243; _module_preset=&#8221;default&#8221; hover_enabled=&#8221;0&#8243; global_colors_info=&#8221;{}&#8221; sticky_enabled=&#8221;0&#8243;]<\/p>\n<p style=\"text-align: center;\">ETAPA DESDE LA CONCEPCI\u00d3N Y LOS NUEVE MESES DE GESTACI\u00d3N HASTA EL MOMENTO DE NACIMIENTO.<\/p>\n<p>[\/et_pb_text][et_pb_accordion _builder_version=&#8221;4.18.0&#8243; _module_preset=&#8221;default&#8221; hover_enabled=&#8221;0&#8243; border_width_all=&#8221;4px&#8221; global_module=&#8221;246&#8243; saved_tabs=&#8221;all&#8221; global_colors_info=&#8221;{}&#8221; sticky_enabled=&#8221;0&#8243;][et_pb_accordion_item title=&#8221;\u00cdNDICE DEL SISTEMA EDUCATIVO&#8221; open=&#8221;on&#8221; _builder_version=&#8221;4.18.0&#8243; _dynamic_attributes=&#8221;link_option_url&#8221; _module_preset=&#8221;default&#8221; link_option_url=&#8221;@ET-DC@eyJkeW5hbWljIjp0cnVlLCJjb250ZW50IjoiaG9tZV91cmwiLCJzZXR0aW5ncyI6e319@&#8221; hover_enabled=&#8221;0&#8243; border_color_all=&#8221;#E09900&#8243; global_colors_info=&#8221;{}&#8221; sticky_enabled=&#8221;0&#8243;]<\/p>\n<p><a href=\"https:\/\/global8system.com\/index.php\/curso-sistema-educativo\/clase-06\/\">CLASE 01. &#8211; INTRODUCCI\u00d3N DEL SISTEMA EDUCATIVO<\/a><\/p>\n<p><a href=\"https:\/\/global8system.com\/index.php\/curso-sistema-educativo\/clase-02\/\">CLASE 02. &#8211; CONCEPCI\u00d3N Y NUEVE MESES DE LA GESTACI\u00d3N HASTA EL MOMENTO DE NACIMIENTO<\/a><\/p>\n<p><a href=\"https:\/\/global8system.com\/index.php\/curso-sistema-educativo\/clase-03\/\">CLASE 03. &#8211; DESARROLLO DEL PRIMER MES DEL NACIMIENTO<\/a><\/p>\n<p><a href=\"https:\/\/global8system.com\/index.php\/curso-sistema-educativo\/clase-04\/\">CLASE 04. &#8211; DESARROLLO DESDE EL SEGUNDO MES HASTA EL PRIMER A\u00d1O DE EDAD<\/a><\/p>\n<p><a href=\"https:\/\/global8system.com\/index.php\/curso-sistema-educativo\/clase-05\/\">CLASE 05. &#8211; METODOLOG\u00cdA HASTA LOS 7 A\u00d1OS DE EDAD<\/a><\/p>\n<p><a href=\"https:\/\/global8system.com\/index.php\/curso-sistema-educativo\/clase-07-2\/\">CLASE 06. &#8211; CARACTERIZADO POR A\u00d1ADIR LOS SICLOS INFINITOS<\/a><\/p>\n<p>[\/et_pb_accordion_item][\/et_pb_accordion][\/et_pb_column][\/et_pb_row][\/et_pb_section]<\/p>\n","protected":false},"excerpt":{"rendered":"<p>ETAPA DESDE LA CONCEPCI\u00d3N Y LOS NUEVE MESES DE GESTACI\u00d3N HASTA EL MOMENTO DE NACIMIENTO.CLASE 01. &#8211; INTRODUCCI\u00d3N DEL SISTEMA EDUCATIVO CLASE 02. &#8211; CONCEPCI\u00d3N Y NUEVE MESES DE LA GESTACI\u00d3N HASTA EL MOMENTO DE NACIMIENTO CLASE 03. &#8211; DESARROLLO DEL PRIMER MES DEL NACIMIENTO CLASE 04. &#8211; DESARROLLO DESDE EL SEGUNDO MES HASTA EL [&hellip;]<\/p>\n","protected":false},"author":1,"featured_media":0,"parent":195,"menu_order":0,"comment_status":"closed","ping_status":"closed","template":"","meta":{"_et_pb_use_builder":"on","_et_pb_old_content":"<!-- wp:divi\/placeholder \/-->","_et_gb_content_width":"","footnotes":""},"class_list":["post-150","page","type-page","status-publish","hentry"],"yoast_head":"<!-- This site is optimized with the Yoast SEO plugin v27.1.1 - https:\/\/yoast.com\/product\/yoast-seo-wordpress\/ -->\n<title>CLASE 02 - SISTEMA EDUCATIVO * Global 8 System<\/title>\n<meta name=\"robots\" content=\"index, follow, max-snippet:-1, max-image-preview:large, max-video-preview:-1\" \/>\n<link rel=\"canonical\" href=\"https:\/\/global8system.com\/index.php\/curso-sistema-educativo\/clase-02\/\" \/>\n<meta property=\"og:locale\" content=\"en_US\" \/>\n<meta property=\"og:type\" content=\"article\" \/>\n<meta property=\"og:title\" content=\"CLASE 02 - SISTEMA EDUCATIVO * Global 8 System\" \/>\n<meta property=\"og:description\" content=\"ETAPA DESDE LA CONCEPCI\u00d3N Y LOS NUEVE MESES DE GESTACI\u00d3N HASTA EL MOMENTO DE NACIMIENTO.CLASE 01. - INTRODUCCI\u00d3N DEL SISTEMA EDUCATIVO CLASE 02. - CONCEPCI\u00d3N Y NUEVE MESES DE LA GESTACI\u00d3N HASTA EL MOMENTO DE NACIMIENTO CLASE 03. - DESARROLLO DEL PRIMER MES DEL NACIMIENTO CLASE 04. - DESARROLLO DESDE EL SEGUNDO MES HASTA EL [&hellip;]\" \/>\n<meta property=\"og:url\" content=\"https:\/\/global8system.com\/index.php\/curso-sistema-educativo\/clase-02\/\" \/>\n<meta property=\"og:site_name\" content=\"Global 8 System\" \/>\n<meta property=\"article:modified_time\" content=\"2022-12-19T19:36:38+00:00\" \/>\n<meta property=\"og:image\" content=\"https:\/\/global8system.com\/wp-content\/uploads\/2022\/09\/logo-G8S-icono.png\" \/>\n\t<meta property=\"og:image:width\" content=\"90\" \/>\n\t<meta property=\"og:image:height\" content=\"88\" \/>\n\t<meta property=\"og:image:type\" content=\"image\/png\" \/>\n<meta name=\"twitter:card\" content=\"summary_large_image\" \/>\n<script type=\"application\/ld+json\" class=\"yoast-schema-graph\">{\"@context\":\"https:\/\/schema.org\",\"@graph\":[{\"@type\":\"WebPage\",\"@id\":\"https:\/\/global8system.com\/index.php\/curso-sistema-educativo\/clase-02\/\",\"url\":\"https:\/\/global8system.com\/index.php\/curso-sistema-educativo\/clase-02\/\",\"name\":\"CLASE 02 - SISTEMA EDUCATIVO * Global 8 System\",\"isPartOf\":{\"@id\":\"https:\/\/global8system.com\/#website\"},\"datePublished\":\"2022-10-07T01:10:17+00:00\",\"dateModified\":\"2022-12-19T19:36:38+00:00\",\"breadcrumb\":{\"@id\":\"https:\/\/global8system.com\/index.php\/curso-sistema-educativo\/clase-02\/#breadcrumb\"},\"inLanguage\":\"en-US\",\"potentialAction\":[{\"@type\":\"ReadAction\",\"target\":[\"https:\/\/global8system.com\/index.php\/curso-sistema-educativo\/clase-02\/\"]}]},{\"@type\":\"BreadcrumbList\",\"@id\":\"https:\/\/global8system.com\/index.php\/curso-sistema-educativo\/clase-02\/#breadcrumb\",\"itemListElement\":[{\"@type\":\"ListItem\",\"position\":1,\"name\":\"Home\",\"item\":\"https:\/\/global8system.com\/\"},{\"@type\":\"ListItem\",\"position\":2,\"name\":\"CURSO SISTEMA EDUCATIVO\",\"item\":\"https:\/\/global8system.com\/index.php\/curso-sistema-educativo\/\"},{\"@type\":\"ListItem\",\"position\":3,\"name\":\"CLASE 02 &#8211; SISTEMA EDUCATIVO\"}]},{\"@type\":\"WebSite\",\"@id\":\"https:\/\/global8system.com\/#website\",\"url\":\"https:\/\/global8system.com\/\",\"name\":\"Global 8 System\",\"description\":\"Teaching of Grabovoi \",\"publisher\":{\"@id\":\"https:\/\/global8system.com\/#organization\"},\"potentialAction\":[{\"@type\":\"SearchAction\",\"target\":{\"@type\":\"EntryPoint\",\"urlTemplate\":\"https:\/\/global8system.com\/?s={search_term_string}\"},\"query-input\":{\"@type\":\"PropertyValueSpecification\",\"valueRequired\":true,\"valueName\":\"search_term_string\"}}],\"inLanguage\":\"en-US\"},{\"@type\":\"Organization\",\"@id\":\"https:\/\/global8system.com\/#organization\",\"name\":\"Global 8 System\",\"url\":\"https:\/\/global8system.com\/\",\"logo\":{\"@type\":\"ImageObject\",\"inLanguage\":\"en-US\",\"@id\":\"https:\/\/global8system.com\/#\/schema\/logo\/image\/\",\"url\":\"https:\/\/global8system.com\/wp-content\/uploads\/2022\/09\/logo-G8S-4-con-mundo-copy.png\",\"contentUrl\":\"https:\/\/global8system.com\/wp-content\/uploads\/2022\/09\/logo-G8S-4-con-mundo-copy.png\",\"width\":565,\"height\":93,\"caption\":\"Global 8 System\"},\"image\":{\"@id\":\"https:\/\/global8system.com\/#\/schema\/logo\/image\/\"}}]}<\/script>\n<!-- \/ Yoast SEO plugin. -->","yoast_head_json":{"title":"CLASE 02 - SISTEMA EDUCATIVO * Global 8 System","robots":{"index":"index","follow":"follow","max-snippet":"max-snippet:-1","max-image-preview":"max-image-preview:large","max-video-preview":"max-video-preview:-1"},"canonical":"https:\/\/global8system.com\/index.php\/curso-sistema-educativo\/clase-02\/","og_locale":"en_US","og_type":"article","og_title":"CLASE 02 - SISTEMA EDUCATIVO * Global 8 System","og_description":"ETAPA DESDE LA CONCEPCI\u00d3N Y LOS NUEVE MESES DE GESTACI\u00d3N HASTA EL MOMENTO DE NACIMIENTO.CLASE 01. - INTRODUCCI\u00d3N DEL SISTEMA EDUCATIVO CLASE 02. - CONCEPCI\u00d3N Y NUEVE MESES DE LA GESTACI\u00d3N HASTA EL MOMENTO DE NACIMIENTO CLASE 03. - DESARROLLO DEL PRIMER MES DEL NACIMIENTO CLASE 04. - DESARROLLO DESDE EL SEGUNDO MES HASTA EL [&hellip;]","og_url":"https:\/\/global8system.com\/index.php\/curso-sistema-educativo\/clase-02\/","og_site_name":"Global 8 System","article_modified_time":"2022-12-19T19:36:38+00:00","og_image":[{"width":90,"height":88,"url":"https:\/\/global8system.com\/wp-content\/uploads\/2022\/09\/logo-G8S-icono.png","type":"image\/png"}],"twitter_card":"summary_large_image","schema":{"@context":"https:\/\/schema.org","@graph":[{"@type":"WebPage","@id":"https:\/\/global8system.com\/index.php\/curso-sistema-educativo\/clase-02\/","url":"https:\/\/global8system.com\/index.php\/curso-sistema-educativo\/clase-02\/","name":"CLASE 02 - SISTEMA EDUCATIVO * Global 8 System","isPartOf":{"@id":"https:\/\/global8system.com\/#website"},"datePublished":"2022-10-07T01:10:17+00:00","dateModified":"2022-12-19T19:36:38+00:00","breadcrumb":{"@id":"https:\/\/global8system.com\/index.php\/curso-sistema-educativo\/clase-02\/#breadcrumb"},"inLanguage":"en-US","potentialAction":[{"@type":"ReadAction","target":["https:\/\/global8system.com\/index.php\/curso-sistema-educativo\/clase-02\/"]}]},{"@type":"BreadcrumbList","@id":"https:\/\/global8system.com\/index.php\/curso-sistema-educativo\/clase-02\/#breadcrumb","itemListElement":[{"@type":"ListItem","position":1,"name":"Home","item":"https:\/\/global8system.com\/"},{"@type":"ListItem","position":2,"name":"CURSO SISTEMA EDUCATIVO","item":"https:\/\/global8system.com\/index.php\/curso-sistema-educativo\/"},{"@type":"ListItem","position":3,"name":"CLASE 02 &#8211; SISTEMA EDUCATIVO"}]},{"@type":"WebSite","@id":"https:\/\/global8system.com\/#website","url":"https:\/\/global8system.com\/","name":"Global 8 System","description":"Teaching of Grabovoi ","publisher":{"@id":"https:\/\/global8system.com\/#organization"},"potentialAction":[{"@type":"SearchAction","target":{"@type":"EntryPoint","urlTemplate":"https:\/\/global8system.com\/?s={search_term_string}"},"query-input":{"@type":"PropertyValueSpecification","valueRequired":true,"valueName":"search_term_string"}}],"inLanguage":"en-US"},{"@type":"Organization","@id":"https:\/\/global8system.com\/#organization","name":"Global 8 System","url":"https:\/\/global8system.com\/","logo":{"@type":"ImageObject","inLanguage":"en-US","@id":"https:\/\/global8system.com\/#\/schema\/logo\/image\/","url":"https:\/\/global8system.com\/wp-content\/uploads\/2022\/09\/logo-G8S-4-con-mundo-copy.png","contentUrl":"https:\/\/global8system.com\/wp-content\/uploads\/2022\/09\/logo-G8S-4-con-mundo-copy.png","width":565,"height":93,"caption":"Global 8 System"},"image":{"@id":"https:\/\/global8system.com\/#\/schema\/logo\/image\/"}}]}},"_links":{"self":[{"href":"https:\/\/global8system.com\/index.php\/wp-json\/wp\/v2\/pages\/150","targetHints":{"allow":["GET"]}}],"collection":[{"href":"https:\/\/global8system.com\/index.php\/wp-json\/wp\/v2\/pages"}],"about":[{"href":"https:\/\/global8system.com\/index.php\/wp-json\/wp\/v2\/types\/page"}],"author":[{"embeddable":true,"href":"https:\/\/global8system.com\/index.php\/wp-json\/wp\/v2\/users\/1"}],"replies":[{"embeddable":true,"href":"https:\/\/global8system.com\/index.php\/wp-json\/wp\/v2\/comments?post=150"}],"version-history":[{"count":12,"href":"https:\/\/global8system.com\/index.php\/wp-json\/wp\/v2\/pages\/150\/revisions"}],"predecessor-version":[{"id":1462,"href":"https:\/\/global8system.com\/index.php\/wp-json\/wp\/v2\/pages\/150\/revisions\/1462"}],"up":[{"embeddable":true,"href":"https:\/\/global8system.com\/index.php\/wp-json\/wp\/v2\/pages\/195"}],"wp:attachment":[{"href":"https:\/\/global8system.com\/index.php\/wp-json\/wp\/v2\/media?parent=150"}],"curies":[{"name":"wp","href":"https:\/\/api.w.org\/{rel}","templated":true}]}}