{"id":148,"date":"2022-10-07T01:09:49","date_gmt":"2022-10-07T01:09:49","guid":{"rendered":"https:\/\/global8system.com\/?page_id=148"},"modified":"2022-12-20T04:08:18","modified_gmt":"2022-12-20T04:08:18","slug":"clase-01","status":"publish","type":"page","link":"https:\/\/global8system.com\/index.php\/curso-sistema-educativo\/clase-01\/","title":{"rendered":"CLASE 00 &#8211; ESCRITORIO &#8211; CONTENIDO DEL SISTEMA EDUCATIVO"},"content":{"rendered":"<p>[et_pb_section fb_built=&#8221;1&#8243; _builder_version=&#8221;4.18.0&#8243; _module_preset=&#8221;default&#8221; bottom_divider_style=&#8221;arrow3&#8243; bottom_divider_color=&#8221;#D6D6D6&#8243; bottom_divider_height=&#8221;155px&#8221; box_shadow_style=&#8221;preset7&#8243; global_colors_info=&#8221;{}&#8221;][et_pb_row _builder_version=&#8221;4.18.0&#8243; _module_preset=&#8221;default&#8221; global_colors_info=&#8221;{}&#8221;][et_pb_column type=&#8221;4_4&#8243; _builder_version=&#8221;4.18.0&#8243; _module_preset=&#8221;default&#8221; global_colors_info=&#8221;{}&#8221;][et_pb_text _builder_version=&#8221;4.18.0&#8243; _module_preset=&#8221;default&#8221; background_image=&#8221;https:\/\/global8system.com\/wp-content\/uploads\/2022\/11\/dreamstime_l_2962947-otra-parte-para-utilizar.jpg&#8221; box_shadow_style=&#8221;preset1&#8243; global_colors_info=&#8221;{}&#8221;]<\/p>\n<h2 style=\"text-align: center;\"><strong>SISTEMA EDUCATIVO DE GRIGORI GRABOVOI<\/strong><\/h2>\n<p>[\/et_pb_text][\/et_pb_column][\/et_pb_row][et_pb_row column_structure=&#8221;1_2,1_2&#8243; _builder_version=&#8221;4.18.0&#8243; _module_preset=&#8221;default&#8221; global_colors_info=&#8221;{}&#8221;][et_pb_column type=&#8221;1_2&#8243; _builder_version=&#8221;4.18.0&#8243; _module_preset=&#8221;default&#8221; global_colors_info=&#8221;{}&#8221;][et_pb_text _builder_version=&#8221;4.18.0&#8243; _module_preset=&#8221;default&#8221; background_color=&#8221;rgba(174,242,202,0.7)&#8221; border_width_all=&#8221;2px&#8221; border_color_all=&#8221;#7CDA24&#8243; box_shadow_style=&#8221;preset6&#8243; global_colors_info=&#8221;{}&#8221;]<\/p>\n<p><strong>Mi sistema de educaci\u00f3n se basa en la concentraci\u00f3n y en la transferencia de conocimiento para todas las personas, el conocimiento puede ser aplicado, incluso desde antes de nacer, para los beb\u00e9s que est\u00e1n en gestaci\u00f3n o los beb\u00e9s reci\u00e9n nacidos.<\/strong><\/p>\n<p><strong>Este sistema de educaci\u00f3n puede ser hecho por los padres del beb\u00e9, para apoyar a una madre; lo pueden hacer los abuelos o cualquier persona que cuide del beb\u00e9 y desee el desarrollo fundamental del nuevo ser, o alguien que est\u00e9 en condiciones de hacerlo para apoyar al bebe o para s\u00ed mismo, en general lo puede utilizar cualquier persona que requiera hacer una reprogramaci\u00f3n de su vida.<\/strong><\/p>\n<p><strong>La educaci\u00f3n es ese est\u00edmulo que te proporciona estabilidad eterna. La educaci\u00f3n correcta es estabilidad para siempre; est\u00e1 es la idea de Dios. Debido a que el Creador cre\u00f3 el Mundo, para que todas las personas se desarrollen en este mundo con respecto a Su idea de la Eternidad a trav\u00e9s de la comprensi\u00f3n y el conocimiento de este Mundo. En otras palabras, la educaci\u00f3n es en realidad lo que recibes y ves dentro y delante de ti. Porque cuando haces y realizas algo, esto es al mismo tiempo tu educaci\u00f3n. Por lo tanto, si t\u00fa has considerado la educaci\u00f3n como la formaci\u00f3n del evento desde el punto de vista del nivel fundamental del Mundo, entonces siempre tendr\u00e1s un instrumento de control, y tu educaci\u00f3n estar\u00e1 basada en este sistema y no habr\u00e1 componentes de acciones impredecibles, repentinas e innecesarias, las cuales no experimentar\u00e1s y no te ser\u00e1n necesarias.<\/strong><\/p>\n<p><strong>Grigori Grabovoi.<\/strong><\/p>\n<p>[\/et_pb_text][\/et_pb_column][et_pb_column type=&#8221;1_2&#8243; _builder_version=&#8221;4.18.0&#8243; _module_preset=&#8221;default&#8221; global_colors_info=&#8221;{}&#8221;][et_pb_accordion _builder_version=&#8221;4.18.0&#8243; _module_preset=&#8221;default&#8221; border_width_all=&#8221;4px&#8221; global_module=&#8221;246&#8243; saved_tabs=&#8221;all&#8221; global_colors_info=&#8221;{}&#8221;][et_pb_accordion_item title=&#8221;\u00cdNDICE DEL SISTEMA EDUCATIVO&#8221; open=&#8221;on&#8221; _builder_version=&#8221;4.18.0&#8243; _dynamic_attributes=&#8221;link_option_url&#8221; _module_preset=&#8221;default&#8221; link_option_url=&#8221;@ET-DC@eyJkeW5hbWljIjp0cnVlLCJjb250ZW50IjoiaG9tZV91cmwiLCJzZXR0aW5ncyI6e319@&#8221; hover_enabled=&#8221;0&#8243; border_color_all=&#8221;#E09900&#8243; global_colors_info=&#8221;{}&#8221; sticky_enabled=&#8221;0&#8243;]<\/p>\n<p><a href=\"https:\/\/global8system.com\/index.php\/curso-sistema-educativo\/clase-01\/\">CLASE 00. &#8211; SISTEMA EDUCATIVO &#8212; \u00cdndice<\/a><br \/><a href=\"https:\/\/global8system.com\/index.php\/curso-sistema-educativo\/clase-06\/\">CLASE 01. &#8211; INTRODUCCI\u00d3N DEL SISTEMA EDUCATIVO<\/a><br \/><a href=\"https:\/\/global8system.com\/index.php\/curso-sistema-educativo\/clase-02\/\">CLASE 02. &#8211; CONCEPCI\u00d3N Y NUEVE MESES DE LA GESTACI\u00d3N HASTA EL MOMENTO DE NACIMIENTO<\/a><br \/><a href=\"https:\/\/global8system.com\/index.php\/curso-sistema-educativo\/clase-03\/\">CLASE 03. &#8211; DESARROLLO DEL PRIMER MES DEL NACIMIENTO<\/a><br \/><a href=\"https:\/\/global8system.com\/index.php\/curso-sistema-educativo\/clase-04\/\">CLASE 04. &#8211; DESARROLLO DESDE EL SEGUNDO MES HASTA EL PRIMER A\u00d1O DE EDAD<\/a><br \/><a href=\"https:\/\/global8system.com\/index.php\/curso-sistema-educativo\/clase-05\/\">CLASE 05. &#8211; METODOLOG\u00cdA HASTA LOS 7 A\u00d1OS DE EDAD<\/a><br \/><a href=\"https:\/\/global8system.com\/index.php\/curso-sistema-educativo\/clase-07-2\/\">CLASE 06. &#8211; CARACTERIZADO POR A\u00d1ADIR LOS SICLOS INFINITOS<\/a><\/p>\n<p>[\/et_pb_accordion_item][\/et_pb_accordion][\/et_pb_column][\/et_pb_row][\/et_pb_section]<\/p>\n","protected":false},"excerpt":{"rendered":"<p>SISTEMA EDUCATIVO DE GRIGORI GRABOVOIMi sistema de educaci\u00f3n se basa en la concentraci\u00f3n y en la transferencia de conocimiento para todas las personas, el conocimiento puede ser aplicado, incluso desde antes de nacer, para los beb\u00e9s que est\u00e1n en gestaci\u00f3n o los beb\u00e9s reci\u00e9n nacidos. Este sistema de educaci\u00f3n puede ser hecho por los padres [&hellip;]<\/p>\n","protected":false},"author":1,"featured_media":0,"parent":195,"menu_order":0,"comment_status":"closed","ping_status":"closed","template":"","meta":{"_et_pb_use_builder":"on","_et_pb_old_content":"<!-- wp:paragraph -->\r\n<p>Hola<\/p>\r\n<!-- \/wp:paragraph -->","_et_gb_content_width":"","footnotes":""},"class_list":["post-148","page","type-page","status-publish","hentry"],"yoast_head":"<!-- This site is optimized with the Yoast SEO plugin v27.4 - https:\/\/yoast.com\/product\/yoast-seo-wordpress\/ -->\n<title>CLASE 00 - ESCRITORIO - CONTENIDO DEL SISTEMA EDUCATIVO * Global 8 System<\/title>\n<meta name=\"robots\" content=\"index, follow, max-snippet:-1, max-image-preview:large, max-video-preview:-1\" \/>\n<link rel=\"canonical\" href=\"https:\/\/global8system.com\/index.php\/curso-sistema-educativo\/clase-01\/\" \/>\n<meta property=\"og:locale\" content=\"en_US\" \/>\n<meta property=\"og:type\" content=\"article\" \/>\n<meta property=\"og:title\" content=\"CLASE 00 - ESCRITORIO - CONTENIDO DEL SISTEMA EDUCATIVO * Global 8 System\" \/>\n<meta property=\"og:description\" content=\"SISTEMA EDUCATIVO DE GRIGORI GRABOVOIMi sistema de educaci\u00f3n se basa en la concentraci\u00f3n y en la transferencia de conocimiento para todas las personas, el conocimiento puede ser aplicado, incluso desde antes de nacer, para los beb\u00e9s que est\u00e1n en gestaci\u00f3n o los beb\u00e9s reci\u00e9n nacidos. Este sistema de educaci\u00f3n puede ser hecho por los padres [&hellip;]\" \/>\n<meta property=\"og:url\" content=\"https:\/\/global8system.com\/index.php\/curso-sistema-educativo\/clase-01\/\" \/>\n<meta property=\"og:site_name\" content=\"Global 8 System\" \/>\n<meta property=\"article:modified_time\" content=\"2022-12-20T04:08:18+00:00\" \/>\n<meta property=\"og:image\" content=\"https:\/\/global8system.com\/wp-content\/uploads\/2022\/09\/logo-G8S-icono.png\" \/>\n\t<meta property=\"og:image:width\" content=\"90\" \/>\n\t<meta property=\"og:image:height\" content=\"88\" \/>\n\t<meta property=\"og:image:type\" content=\"image\/png\" \/>\n<meta name=\"twitter:card\" content=\"summary_large_image\" \/>\n<script type=\"application\/ld+json\" class=\"yoast-schema-graph\">{\"@context\":\"https:\\\/\\\/schema.org\",\"@graph\":[{\"@type\":\"WebPage\",\"@id\":\"https:\\\/\\\/global8system.com\\\/index.php\\\/curso-sistema-educativo\\\/clase-01\\\/\",\"url\":\"https:\\\/\\\/global8system.com\\\/index.php\\\/curso-sistema-educativo\\\/clase-01\\\/\",\"name\":\"CLASE 00 - ESCRITORIO - CONTENIDO DEL SISTEMA EDUCATIVO * Global 8 System\",\"isPartOf\":{\"@id\":\"https:\\\/\\\/global8system.com\\\/#website\"},\"datePublished\":\"2022-10-07T01:09:49+00:00\",\"dateModified\":\"2022-12-20T04:08:18+00:00\",\"breadcrumb\":{\"@id\":\"https:\\\/\\\/global8system.com\\\/index.php\\\/curso-sistema-educativo\\\/clase-01\\\/#breadcrumb\"},\"inLanguage\":\"en-US\",\"potentialAction\":[{\"@type\":\"ReadAction\",\"target\":[\"https:\\\/\\\/global8system.com\\\/index.php\\\/curso-sistema-educativo\\\/clase-01\\\/\"]}]},{\"@type\":\"BreadcrumbList\",\"@id\":\"https:\\\/\\\/global8system.com\\\/index.php\\\/curso-sistema-educativo\\\/clase-01\\\/#breadcrumb\",\"itemListElement\":[{\"@type\":\"ListItem\",\"position\":1,\"name\":\"Home\",\"item\":\"https:\\\/\\\/global8system.com\\\/\"},{\"@type\":\"ListItem\",\"position\":2,\"name\":\"CURSO SISTEMA EDUCATIVO\",\"item\":\"https:\\\/\\\/global8system.com\\\/index.php\\\/curso-sistema-educativo\\\/\"},{\"@type\":\"ListItem\",\"position\":3,\"name\":\"CLASE 00 &#8211; ESCRITORIO &#8211; CONTENIDO DEL SISTEMA EDUCATIVO\"}]},{\"@type\":\"WebSite\",\"@id\":\"https:\\\/\\\/global8system.com\\\/#website\",\"url\":\"https:\\\/\\\/global8system.com\\\/\",\"name\":\"Global 8 System\",\"description\":\"Teaching of Grabovoi \",\"publisher\":{\"@id\":\"https:\\\/\\\/global8system.com\\\/#organization\"},\"potentialAction\":[{\"@type\":\"SearchAction\",\"target\":{\"@type\":\"EntryPoint\",\"urlTemplate\":\"https:\\\/\\\/global8system.com\\\/?s={search_term_string}\"},\"query-input\":{\"@type\":\"PropertyValueSpecification\",\"valueRequired\":true,\"valueName\":\"search_term_string\"}}],\"inLanguage\":\"en-US\"},{\"@type\":\"Organization\",\"@id\":\"https:\\\/\\\/global8system.com\\\/#organization\",\"name\":\"Global 8 System\",\"url\":\"https:\\\/\\\/global8system.com\\\/\",\"logo\":{\"@type\":\"ImageObject\",\"inLanguage\":\"en-US\",\"@id\":\"https:\\\/\\\/global8system.com\\\/#\\\/schema\\\/logo\\\/image\\\/\",\"url\":\"https:\\\/\\\/global8system.com\\\/wp-content\\\/uploads\\\/2022\\\/09\\\/logo-G8S-4-con-mundo-copy.png\",\"contentUrl\":\"https:\\\/\\\/global8system.com\\\/wp-content\\\/uploads\\\/2022\\\/09\\\/logo-G8S-4-con-mundo-copy.png\",\"width\":565,\"height\":93,\"caption\":\"Global 8 System\"},\"image\":{\"@id\":\"https:\\\/\\\/global8system.com\\\/#\\\/schema\\\/logo\\\/image\\\/\"}}]}<\/script>\n<!-- \/ Yoast SEO plugin. -->","yoast_head_json":{"title":"CLASE 00 - ESCRITORIO - CONTENIDO DEL SISTEMA EDUCATIVO * Global 8 System","robots":{"index":"index","follow":"follow","max-snippet":"max-snippet:-1","max-image-preview":"max-image-preview:large","max-video-preview":"max-video-preview:-1"},"canonical":"https:\/\/global8system.com\/index.php\/curso-sistema-educativo\/clase-01\/","og_locale":"en_US","og_type":"article","og_title":"CLASE 00 - ESCRITORIO - CONTENIDO DEL SISTEMA EDUCATIVO * Global 8 System","og_description":"SISTEMA EDUCATIVO DE GRIGORI GRABOVOIMi sistema de educaci\u00f3n se basa en la concentraci\u00f3n y en la transferencia de conocimiento para todas las personas, el conocimiento puede ser aplicado, incluso desde antes de nacer, para los beb\u00e9s que est\u00e1n en gestaci\u00f3n o los beb\u00e9s reci\u00e9n nacidos. Este sistema de educaci\u00f3n puede ser hecho por los padres [&hellip;]","og_url":"https:\/\/global8system.com\/index.php\/curso-sistema-educativo\/clase-01\/","og_site_name":"Global 8 System","article_modified_time":"2022-12-20T04:08:18+00:00","og_image":[{"width":90,"height":88,"url":"https:\/\/global8system.com\/wp-content\/uploads\/2022\/09\/logo-G8S-icono.png","type":"image\/png"}],"twitter_card":"summary_large_image","schema":{"@context":"https:\/\/schema.org","@graph":[{"@type":"WebPage","@id":"https:\/\/global8system.com\/index.php\/curso-sistema-educativo\/clase-01\/","url":"https:\/\/global8system.com\/index.php\/curso-sistema-educativo\/clase-01\/","name":"CLASE 00 - ESCRITORIO - CONTENIDO DEL SISTEMA EDUCATIVO * Global 8 System","isPartOf":{"@id":"https:\/\/global8system.com\/#website"},"datePublished":"2022-10-07T01:09:49+00:00","dateModified":"2022-12-20T04:08:18+00:00","breadcrumb":{"@id":"https:\/\/global8system.com\/index.php\/curso-sistema-educativo\/clase-01\/#breadcrumb"},"inLanguage":"en-US","potentialAction":[{"@type":"ReadAction","target":["https:\/\/global8system.com\/index.php\/curso-sistema-educativo\/clase-01\/"]}]},{"@type":"BreadcrumbList","@id":"https:\/\/global8system.com\/index.php\/curso-sistema-educativo\/clase-01\/#breadcrumb","itemListElement":[{"@type":"ListItem","position":1,"name":"Home","item":"https:\/\/global8system.com\/"},{"@type":"ListItem","position":2,"name":"CURSO SISTEMA EDUCATIVO","item":"https:\/\/global8system.com\/index.php\/curso-sistema-educativo\/"},{"@type":"ListItem","position":3,"name":"CLASE 00 &#8211; ESCRITORIO &#8211; CONTENIDO DEL SISTEMA EDUCATIVO"}]},{"@type":"WebSite","@id":"https:\/\/global8system.com\/#website","url":"https:\/\/global8system.com\/","name":"Global 8 System","description":"Teaching of Grabovoi ","publisher":{"@id":"https:\/\/global8system.com\/#organization"},"potentialAction":[{"@type":"SearchAction","target":{"@type":"EntryPoint","urlTemplate":"https:\/\/global8system.com\/?s={search_term_string}"},"query-input":{"@type":"PropertyValueSpecification","valueRequired":true,"valueName":"search_term_string"}}],"inLanguage":"en-US"},{"@type":"Organization","@id":"https:\/\/global8system.com\/#organization","name":"Global 8 System","url":"https:\/\/global8system.com\/","logo":{"@type":"ImageObject","inLanguage":"en-US","@id":"https:\/\/global8system.com\/#\/schema\/logo\/image\/","url":"https:\/\/global8system.com\/wp-content\/uploads\/2022\/09\/logo-G8S-4-con-mundo-copy.png","contentUrl":"https:\/\/global8system.com\/wp-content\/uploads\/2022\/09\/logo-G8S-4-con-mundo-copy.png","width":565,"height":93,"caption":"Global 8 System"},"image":{"@id":"https:\/\/global8system.com\/#\/schema\/logo\/image\/"}}]}},"_links":{"self":[{"href":"https:\/\/global8system.com\/index.php\/wp-json\/wp\/v2\/pages\/148","targetHints":{"allow":["GET"]}}],"collection":[{"href":"https:\/\/global8system.com\/index.php\/wp-json\/wp\/v2\/pages"}],"about":[{"href":"https:\/\/global8system.com\/index.php\/wp-json\/wp\/v2\/types\/page"}],"author":[{"embeddable":true,"href":"https:\/\/global8system.com\/index.php\/wp-json\/wp\/v2\/users\/1"}],"replies":[{"embeddable":true,"href":"https:\/\/global8system.com\/index.php\/wp-json\/wp\/v2\/comments?post=148"}],"version-history":[{"count":59,"href":"https:\/\/global8system.com\/index.php\/wp-json\/wp\/v2\/pages\/148\/revisions"}],"predecessor-version":[{"id":1864,"href":"https:\/\/global8system.com\/index.php\/wp-json\/wp\/v2\/pages\/148\/revisions\/1864"}],"up":[{"embeddable":true,"href":"https:\/\/global8system.com\/index.php\/wp-json\/wp\/v2\/pages\/195"}],"wp:attachment":[{"href":"https:\/\/global8system.com\/index.php\/wp-json\/wp\/v2\/media?parent=148"}],"curies":[{"name":"wp","href":"https:\/\/api.w.org\/{rel}","templated":true}]}}