{"id":1246,"date":"2022-11-09T19:46:45","date_gmt":"2022-11-09T19:46:45","guid":{"rendered":"https:\/\/global8system.com\/?page_id=1246"},"modified":"2022-12-21T02:07:07","modified_gmt":"2022-12-21T02:07:07","slug":"ensenanza-teaching-grabovoi","status":"publish","type":"page","link":"https:\/\/global8system.com\/","title":{"rendered":"Home"},"content":{"rendered":"<p>[et_pb_section fb_built=&#8221;1&#8243; _builder_version=&#8221;4.18.0&#8243; _module_preset=&#8221;default&#8221; global_colors_info=&#8221;{}&#8221;][et_pb_row _builder_version=&#8221;4.18.0&#8243; _module_preset=&#8221;default&#8221; collapsed=&#8221;on&#8221; global_colors_info=&#8221;{}&#8221;][et_pb_column type=&#8221;4_4&#8243; _builder_version=&#8221;4.18.0&#8243; _module_preset=&#8221;default&#8221; global_colors_info=&#8221;{}&#8221;][et_pb_image src=&#8221;https:\/\/global8system.com\/wp-content\/uploads\/2022\/10\/G8S-Un-site-infinites-posibilidades-1.png&#8221; title_text=&#8221;G8S-Un-site-infinites-posibilidades-1&#8243; align=&#8221;center&#8221; _builder_version=&#8221;4.18.0&#8243; _module_preset=&#8221;default&#8221; width=&#8221;98%&#8221; max_width=&#8221;89%&#8221; animation_style=&#8221;roll&#8221; border_width_all=&#8221;1px&#8221; border_color_all=&#8221;#E09900&#8243; border_style_all=&#8221;dotted&#8221; border_width_left=&#8221;1px&#8221; box_shadow_style=&#8221;preset3&#8243; global_colors_info=&#8221;{}&#8221;][\/et_pb_image][\/et_pb_column][\/et_pb_row][et_pb_row column_structure=&#8221;1_2,1_2&#8243; _builder_version=&#8221;4.18.0&#8243; _module_preset=&#8221;default&#8221; global_colors_info=&#8221;{}&#8221;][et_pb_column type=&#8221;1_2&#8243; _builder_version=&#8221;4.18.0&#8243; _module_preset=&#8221;default&#8221; global_colors_info=&#8221;{}&#8221;][et_pb_cta title=&#8221;ESPA\u00d1OL * PARA M\u00c1S INFORMACI\u00d3N OPRIMA AQU\u00cd&#8221; button_url=&#8221;https:\/\/global8system.com\/index.php\/espanol\/&#8221; admin_label=&#8221;Call To Action&#8221; _builder_version=&#8221;4.18.0&#8243; _module_preset=&#8221;default&#8221; link_option_url=&#8221;https:\/\/global8system.com\/index.php\/espanol\/&#8221; hover_enabled=&#8221;0&#8243; global_colors_info=&#8221;{}&#8221; sticky_enabled=&#8221;0&#8243;][\/et_pb_cta][\/et_pb_column][et_pb_column type=&#8221;1_2&#8243; _builder_version=&#8221;4.18.0&#8243; _module_preset=&#8221;default&#8221; global_colors_info=&#8221;{}&#8221;][et_pb_cta title=&#8221;ENGLISH * FOR MORE INFORMATION CLICK HERE&#8221; button_url=&#8221;https:\/\/global8system.com\/index.php\/english\/&#8221; admin_label=&#8221;Call To Action&#8221; _builder_version=&#8221;4.18.0&#8243; _module_preset=&#8221;default&#8221; link_option_url=&#8221;https:\/\/global8system.com\/index.php\/english\/&#8221; global_colors_info=&#8221;{}&#8221;][\/et_pb_cta][\/et_pb_column][\/et_pb_row][et_pb_row _builder_version=&#8221;4.18.0&#8243; _module_preset=&#8221;default&#8221; global_colors_info=&#8221;{}&#8221;][et_pb_column type=&#8221;4_4&#8243; _builder_version=&#8221;4.18.0&#8243; _module_preset=&#8221;default&#8221; global_colors_info=&#8221;{}&#8221;][et_pb_button button_url=&#8221;https:\/\/global8system.com\/index.php\/register\/global-8-system\/&#8221; button_text=&#8221;MONTHLY SUBSCRIPTION $ 8.00 \u00ab SUSCRIPCI\u00d3N AL MES\u00bb&#8221; button_alignment=&#8221;center&#8221; _builder_version=&#8221;4.18.0&#8243; _module_preset=&#8221;default&#8221; animation_style=&#8221;bounce&#8221; box_shadow_style=&#8221;preset5&#8243; global_module=&#8221;1018&#8243; global_colors_info=&#8221;{}&#8221;][\/et_pb_button][et_pb_button button_url=&#8221;https:\/\/global8system.com\/index.php\/register\/suscription-english-espanol-88-year\/&#8221; button_text=&#8221;ANNUAL SUBSCRIPTION ENGLISH &#038; ESPA\u00d1OL $ 88.00 \u00abSUSCRIPCI\u00d3N ANUAL\u00bb&#8221; button_alignment=&#8221;center&#8221; _builder_version=&#8221;4.18.0&#8243; _module_preset=&#8221;default&#8221; animation_style=&#8221;slide&#8221; box_shadow_style=&#8221;preset5&#8243; global_module=&#8221;1019&#8243; global_colors_info=&#8221;{}&#8221;][\/et_pb_button][\/et_pb_column][\/et_pb_row][et_pb_row column_structure=&#8221;1_2,1_2&#8243; _builder_version=&#8221;4.18.0&#8243; _module_preset=&#8221;default&#8221; global_colors_info=&#8221;{}&#8221;][et_pb_column type=&#8221;1_2&#8243; _builder_version=&#8221;4.18.0&#8243; _module_preset=&#8221;default&#8221; global_colors_info=&#8221;{}&#8221;][et_pb_text _builder_version=&#8221;4.18.0&#8243; _module_preset=&#8221;default&#8221; box_shadow_style=&#8221;preset1&#8243; global_colors_info=&#8221;{}&#8221;]<\/p>\n<h2 style=\"text-align: center;\"><strong>SUSCRIPCI\u00d3N MENSUAL O SUSCRIPCI\u00d3N ANUAL<\/strong><\/h2>\n<p><strong>Suscripci\u00f3n mensual o suscripci\u00f3n Anual te da acceso a todos los cursos en Espa\u00f1ol y en Ingl\u00e9s:<\/strong> Esta plataforma te permite crear tu cuenta de cliente, con tu direcci\u00f3n de correo electr\u00f3nico y contrase\u00f1a, la que elijas, para iniciar tu sesi\u00f3n. Estos datos ser\u00e1n tratados e incorporados a nuestros ficheros, tal como se te informa en el apartado de protecci\u00f3n de datos contenido en la pol\u00edtica de privacidad.<\/p>\n<p>Para realizar tu suscripci\u00f3n, has clic en el <strong>bot\u00f3n de Suscribirse \u00ab8 d\u00f3lares por mes\u00bb. <a href=\"https:\/\/global8system.com\/index.php\/register\/global-8-system\/\">G8S &#8211; Subscription $8.00\/MONTH &#8211; MES * Global 8 System<\/a><\/strong><br \/>Autom\u00e1ticamente el sistema te redirigir\u00e1 a la p\u00e1gina de registro. Si gusta una suscripci\u00f3n anual, <strong><a href=\"https:\/\/global8system.com\/index.php\/register\/suscription-english-espanol-88-year\/\">Suscription English\/Espa\u00f1ol U$88\/Year &#8211; A\u00f1o * Global 8 System<\/a> <\/strong>y el sistema te redirigir\u00e1 a la p\u00e1gina de registro.<\/p>\n<p>En esa pantalla, ingresar tu nombre, apellido y correo electr\u00f3nico, tu nombre de usuario y contrase\u00f1a, y puedes elegir el m\u00e9todo de pago ya sea PayPal o tarjeta de cr\u00e9dito o debito.<br \/>Al final de esta informaci\u00f3n, haga clic en el bot\u00f3n &#8220;Pagar&#8221;.<\/p>\n<p>Si elige PayPal, el sistema se conectar\u00e1 con PayPal para ingresar su nombre de usuario y contrase\u00f1a e inmediatamente proceder a realizar el pago.<\/p>\n<p>Si elige pagar con tarjeta de cr\u00e9dito, el sistema lo conectar\u00e1 \u00a0autom\u00e1ticamente a la pasarela de pago de Stripe y le pedir\u00e1 al usuario los detalles de su tarjeta bancaria.<br \/>Despu\u00e9s de que Stripe confirme el cargo, mostrar\u00e1 una p\u00e1gina de confirmaci\u00f3n de compra con un enlace para acceder a la plataforma de los cursos.<\/p>\n<p>[\/et_pb_text][\/et_pb_column][et_pb_column type=&#8221;1_2&#8243; _builder_version=&#8221;4.18.0&#8243; _module_preset=&#8221;default&#8221; global_colors_info=&#8221;{}&#8221;][et_pb_text _builder_version=&#8221;4.18.0&#8243; _module_preset=&#8221;default&#8221; box_shadow_style=&#8221;preset1&#8243; global_colors_info=&#8221;{}&#8221;]<\/p>\n<h2 style=\"text-align: center;\"><strong>MONTHLY SUBSCRIPTION OR ANNUAL SUBSCRIPTION<\/strong><\/h2>\n<p><strong>Monthly or Annual subscription with access to all courses:<\/strong> The platform allows you to create a customer account, with the email address and password that the user chooses, to facilitate login. These data will be processed and incorporated into our files, as reported in our section on protection of personal data contained in the privacy policy.<\/p>\n<p>To make a subscription, the user must click on the <strong>button &#8220;Subscribe \u00ab8 dollars per month\u00bb&#8221; <a href=\"https:\/\/global8system.com\/index.php\/register\/global-8-system\/\">G8S &#8211; Subscription $8.00\/MONTH &#8211; MES * Global 8 System<\/a><\/strong>\u00a0 or\u00a0 annual subscription <strong><a href=\"https:\/\/global8system.com\/index.php\/register\/suscription-english-espanol-88-year\/\">Subscription English\/Espa\u00f1ol U$88\/Year &#8211; A\u00f1o * Global 8 System<\/a>\u00a0<\/strong>and automatically the system will redirect him to the registration page.<\/p>\n<p>On this screen, you will need to enter your first name, last name and email, username and password, and choose a payment method. \u00a0PayPal or Stripe<\/p>\n<p>At the end of this information, click on the &#8220;Pay&#8221; button.<\/p>\n<p>If you choose PayPal, the system will connect with PayPal to enter your username and password and immediately proceed to make the payment.<\/p>\n<p>If you choose to pay by credit card, the system will automatically connect you to stripe&#8217;s payment gateway and ask the user for their bank card details.<\/p>\n<p>After the charge is confirmed by Stripe, it will display a purchase confirmation page with a link to access the Premium Zone.<\/p>\n<p>&nbsp;<\/p>\n<p>[\/et_pb_text][\/et_pb_column][\/et_pb_row][\/et_pb_section]<\/p>\n","protected":false},"excerpt":{"rendered":"<p>SUSCRIPCI\u00d3N MENSUAL O SUSCRIPCI\u00d3N ANUAL Suscripci\u00f3n mensual o suscripci\u00f3n Anual te da acceso a todos los cursos en Espa\u00f1ol y en Ingl\u00e9s: Esta plataforma te permite crear tu cuenta de cliente, con tu direcci\u00f3n de correo electr\u00f3nico y contrase\u00f1a, la que elijas, para iniciar tu sesi\u00f3n. Estos datos ser\u00e1n tratados e incorporados a nuestros ficheros, [&hellip;]<\/p>\n","protected":false},"author":1,"featured_media":0,"parent":0,"menu_order":0,"comment_status":"closed","ping_status":"closed","template":"","meta":{"_et_pb_use_builder":"on","_et_pb_old_content":"","_et_gb_content_width":"","footnotes":""},"class_list":["post-1246","page","type-page","status-publish","hentry"],"yoast_head":"<!-- This site is optimized with the Yoast SEO plugin v27.1.1 - https:\/\/yoast.com\/product\/yoast-seo-wordpress\/ -->\n<title>Home * Global 8 System<\/title>\n<meta name=\"robots\" content=\"index, follow, max-snippet:-1, max-image-preview:large, max-video-preview:-1\" \/>\n<link rel=\"canonical\" href=\"https:\/\/global8system.com\/\" \/>\n<meta property=\"og:locale\" content=\"en_US\" \/>\n<meta property=\"og:type\" content=\"article\" \/>\n<meta property=\"og:title\" content=\"Home * Global 8 System\" \/>\n<meta property=\"og:description\" content=\"SUSCRIPCI\u00d3N MENSUAL O SUSCRIPCI\u00d3N ANUAL Suscripci\u00f3n mensual o suscripci\u00f3n Anual te da acceso a todos los cursos en Espa\u00f1ol y en Ingl\u00e9s: Esta plataforma te permite crear tu cuenta de cliente, con tu direcci\u00f3n de correo electr\u00f3nico y contrase\u00f1a, la que elijas, para iniciar tu sesi\u00f3n. Estos datos ser\u00e1n tratados e incorporados a nuestros ficheros, [&hellip;]\" \/>\n<meta property=\"og:url\" content=\"https:\/\/global8system.com\/\" \/>\n<meta property=\"og:site_name\" content=\"Global 8 System\" \/>\n<meta property=\"article:modified_time\" content=\"2022-12-21T02:07:07+00:00\" \/>\n<meta property=\"og:image\" content=\"https:\/\/global8system.com\/wp-content\/uploads\/2022\/09\/logo-G8S-icono.png\" \/>\n\t<meta property=\"og:image:width\" content=\"90\" \/>\n\t<meta property=\"og:image:height\" content=\"88\" \/>\n\t<meta property=\"og:image:type\" content=\"image\/png\" \/>\n<meta name=\"twitter:card\" content=\"summary_large_image\" \/>\n<script type=\"application\/ld+json\" class=\"yoast-schema-graph\">{\"@context\":\"https:\/\/schema.org\",\"@graph\":[{\"@type\":\"WebPage\",\"@id\":\"https:\/\/global8system.com\/\",\"url\":\"https:\/\/global8system.com\/\",\"name\":\"Home * Global 8 System\",\"isPartOf\":{\"@id\":\"https:\/\/global8system.com\/#website\"},\"datePublished\":\"2022-11-09T19:46:45+00:00\",\"dateModified\":\"2022-12-21T02:07:07+00:00\",\"breadcrumb\":{\"@id\":\"https:\/\/global8system.com\/#breadcrumb\"},\"inLanguage\":\"en-US\",\"potentialAction\":[{\"@type\":\"ReadAction\",\"target\":[\"https:\/\/global8system.com\/\"]}]},{\"@type\":\"BreadcrumbList\",\"@id\":\"https:\/\/global8system.com\/#breadcrumb\",\"itemListElement\":[{\"@type\":\"ListItem\",\"position\":1,\"name\":\"Home\",\"item\":\"https:\/\/global8system.com\/\"},{\"@type\":\"ListItem\",\"position\":2,\"name\":\"Home\"}]},{\"@type\":\"WebSite\",\"@id\":\"https:\/\/global8system.com\/#website\",\"url\":\"https:\/\/global8system.com\/\",\"name\":\"Global 8 System\",\"description\":\"Teaching of Grabovoi \",\"publisher\":{\"@id\":\"https:\/\/global8system.com\/#organization\"},\"potentialAction\":[{\"@type\":\"SearchAction\",\"target\":{\"@type\":\"EntryPoint\",\"urlTemplate\":\"https:\/\/global8system.com\/?s={search_term_string}\"},\"query-input\":{\"@type\":\"PropertyValueSpecification\",\"valueRequired\":true,\"valueName\":\"search_term_string\"}}],\"inLanguage\":\"en-US\"},{\"@type\":\"Organization\",\"@id\":\"https:\/\/global8system.com\/#organization\",\"name\":\"Global 8 System\",\"url\":\"https:\/\/global8system.com\/\",\"logo\":{\"@type\":\"ImageObject\",\"inLanguage\":\"en-US\",\"@id\":\"https:\/\/global8system.com\/#\/schema\/logo\/image\/\",\"url\":\"https:\/\/global8system.com\/wp-content\/uploads\/2022\/09\/logo-G8S-4-con-mundo-copy.png\",\"contentUrl\":\"https:\/\/global8system.com\/wp-content\/uploads\/2022\/09\/logo-G8S-4-con-mundo-copy.png\",\"width\":565,\"height\":93,\"caption\":\"Global 8 System\"},\"image\":{\"@id\":\"https:\/\/global8system.com\/#\/schema\/logo\/image\/\"}}]}<\/script>\n<!-- \/ Yoast SEO plugin. -->","yoast_head_json":{"title":"Home * Global 8 System","robots":{"index":"index","follow":"follow","max-snippet":"max-snippet:-1","max-image-preview":"max-image-preview:large","max-video-preview":"max-video-preview:-1"},"canonical":"https:\/\/global8system.com\/","og_locale":"en_US","og_type":"article","og_title":"Home * Global 8 System","og_description":"SUSCRIPCI\u00d3N MENSUAL O SUSCRIPCI\u00d3N ANUAL Suscripci\u00f3n mensual o suscripci\u00f3n Anual te da acceso a todos los cursos en Espa\u00f1ol y en Ingl\u00e9s: Esta plataforma te permite crear tu cuenta de cliente, con tu direcci\u00f3n de correo electr\u00f3nico y contrase\u00f1a, la que elijas, para iniciar tu sesi\u00f3n. Estos datos ser\u00e1n tratados e incorporados a nuestros ficheros, [&hellip;]","og_url":"https:\/\/global8system.com\/","og_site_name":"Global 8 System","article_modified_time":"2022-12-21T02:07:07+00:00","og_image":[{"width":90,"height":88,"url":"https:\/\/global8system.com\/wp-content\/uploads\/2022\/09\/logo-G8S-icono.png","type":"image\/png"}],"twitter_card":"summary_large_image","schema":{"@context":"https:\/\/schema.org","@graph":[{"@type":"WebPage","@id":"https:\/\/global8system.com\/","url":"https:\/\/global8system.com\/","name":"Home * Global 8 System","isPartOf":{"@id":"https:\/\/global8system.com\/#website"},"datePublished":"2022-11-09T19:46:45+00:00","dateModified":"2022-12-21T02:07:07+00:00","breadcrumb":{"@id":"https:\/\/global8system.com\/#breadcrumb"},"inLanguage":"en-US","potentialAction":[{"@type":"ReadAction","target":["https:\/\/global8system.com\/"]}]},{"@type":"BreadcrumbList","@id":"https:\/\/global8system.com\/#breadcrumb","itemListElement":[{"@type":"ListItem","position":1,"name":"Home","item":"https:\/\/global8system.com\/"},{"@type":"ListItem","position":2,"name":"Home"}]},{"@type":"WebSite","@id":"https:\/\/global8system.com\/#website","url":"https:\/\/global8system.com\/","name":"Global 8 System","description":"Teaching of Grabovoi ","publisher":{"@id":"https:\/\/global8system.com\/#organization"},"potentialAction":[{"@type":"SearchAction","target":{"@type":"EntryPoint","urlTemplate":"https:\/\/global8system.com\/?s={search_term_string}"},"query-input":{"@type":"PropertyValueSpecification","valueRequired":true,"valueName":"search_term_string"}}],"inLanguage":"en-US"},{"@type":"Organization","@id":"https:\/\/global8system.com\/#organization","name":"Global 8 System","url":"https:\/\/global8system.com\/","logo":{"@type":"ImageObject","inLanguage":"en-US","@id":"https:\/\/global8system.com\/#\/schema\/logo\/image\/","url":"https:\/\/global8system.com\/wp-content\/uploads\/2022\/09\/logo-G8S-4-con-mundo-copy.png","contentUrl":"https:\/\/global8system.com\/wp-content\/uploads\/2022\/09\/logo-G8S-4-con-mundo-copy.png","width":565,"height":93,"caption":"Global 8 System"},"image":{"@id":"https:\/\/global8system.com\/#\/schema\/logo\/image\/"}}]}},"_links":{"self":[{"href":"https:\/\/global8system.com\/index.php\/wp-json\/wp\/v2\/pages\/1246","targetHints":{"allow":["GET"]}}],"collection":[{"href":"https:\/\/global8system.com\/index.php\/wp-json\/wp\/v2\/pages"}],"about":[{"href":"https:\/\/global8system.com\/index.php\/wp-json\/wp\/v2\/types\/page"}],"author":[{"embeddable":true,"href":"https:\/\/global8system.com\/index.php\/wp-json\/wp\/v2\/users\/1"}],"replies":[{"embeddable":true,"href":"https:\/\/global8system.com\/index.php\/wp-json\/wp\/v2\/comments?post=1246"}],"version-history":[{"count":22,"href":"https:\/\/global8system.com\/index.php\/wp-json\/wp\/v2\/pages\/1246\/revisions"}],"predecessor-version":[{"id":2132,"href":"https:\/\/global8system.com\/index.php\/wp-json\/wp\/v2\/pages\/1246\/revisions\/2132"}],"wp:attachment":[{"href":"https:\/\/global8system.com\/index.php\/wp-json\/wp\/v2\/media?parent=1246"}],"curies":[{"name":"wp","href":"https:\/\/api.w.org\/{rel}","templated":true}]}}